{"id":6132,"date":"2024-07-10T11:37:19","date_gmt":"2024-07-10T09:37:19","guid":{"rendered":"https:\/\/jessicamarottihairtherapy.it\/prodotto\/cheque-cadeau\/"},"modified":"2024-07-10T18:04:26","modified_gmt":"2024-07-10T16:04:26","slug":"carte-cadeau","status":"publish","type":"product","link":"https:\/\/jessicamarottihairtherapy.it\/fr\/prodotto\/carte-cadeau\/","title":{"rendered":"Carte cadeau"},"content":{"rendered":"<h2>Carte Cadeau JM<\/h2>\n<p>Vous cherchez le cadeau parfait pour des amis, de la famille ou des coll\u00e8gues qui aiment prendre soin d&rsquo;eux-m\u00eames ? Notre Carte Cadeau pour le salon JM est la solution id\u00e9ale ! Disponible \u00e0 partir de 50 CHF , elle offre une flexibilit\u00e9 maximale et permet au destinataire de choisir parmi une large gamme de services de beaut\u00e9 et de soins capillaires.<\/p>\n<p><img loading=\"lazy\" decoding=\"async\" class=\"alignnone size-medium wp-image-6149\" src=\"https:\/\/jessicamarottihairtherapy.it\/wp-content\/uploads\/2024\/07\/gift_card_banner-300x121.jpg\" alt=\"\" width=\"300\" height=\"121\" srcset=\"https:\/\/jessicamarottihairtherapy.it\/wp-content\/uploads\/2024\/07\/gift_card_banner-300x121.jpg 300w, https:\/\/jessicamarottihairtherapy.it\/wp-content\/uploads\/2024\/07\/gift_card_banner-1024x412.jpg 1024w, https:\/\/jessicamarottihairtherapy.it\/wp-content\/uploads\/2024\/07\/gift_card_banner-768x309.jpg 768w, https:\/\/jessicamarottihairtherapy.it\/wp-content\/uploads\/2024\/07\/gift_card_banner-600x241.jpg 600w, https:\/\/jessicamarottihairtherapy.it\/wp-content\/uploads\/2024\/07\/gift_card_banner.jpg 1497w\" sizes=\"(max-width: 300px) 100vw, 300px\" \/><\/p>\n<p><strong>Caract\u00e9ristiques :<\/strong><\/p>\n<ul>\n<li><strong>Montant de la Carte :<\/strong> de 50 CHF \u00e0 500 CHF<\/li>\n<li><strong>Validit\u00e9 :<\/strong> 12 mois \u00e0 partir de la date d&rsquo;achat.<\/li>\n<li><strong>Utilisable pour Tout Service :<\/strong> La carte cadeau peut \u00eatre utilis\u00e9e pour tout service offert par notre salon, y compris coupe, coloration, traitements et bien plus encore.<\/li>\n<li><strong>Livraison Imm\u00e9diate :<\/strong> R\u00e9ception imm\u00e9diate par email, parfait pour les cadeaux de derni\u00e8re minute !<\/li>\n<li><strong>Facile \u00e0 Utiliser :<\/strong> Il suffit de pr\u00e9senter la carte lors du rendez-vous.<\/li>\n<\/ul>\n<p><strong>Comment \u00c7a Marche :<\/strong><\/p>\n<ul>\n<li><strong>S\u00e9lectionnez le Montant :<\/strong> Chaque carte commence \u00e0 partir de 50 CHF jusqu&rsquo;\u00e0 la valeur totale de la carte de 500 CHF .<\/li>\n<li><strong>Recevez par Email :<\/strong> Apr\u00e8s l&rsquo;achat, vous recevrez la carte cadeau directement dans votre bo\u00eete mail.<\/li>\n<li><strong>Offrez ou Utilisez :<\/strong> Vous pouvez envoyer la carte cadeau \u00e0 qui vous voulez ou l&rsquo;utiliser vous-m\u00eame.<\/li>\n<\/ul>\n<p><strong>Pourquoi Choisir Notre Carte Cadeau JM ?<\/strong><\/p>\n<ul>\n<li><strong>Polyvalence :<\/strong> Le destinataire peut choisir exactement le traitement ou le service souhait\u00e9.<\/li>\n<li><strong>Facilit\u00e9 d&rsquo;Achat :<\/strong> Disponible en quelques clics et livr\u00e9e en un temps record.<\/li>\n<li><strong>Un Cadeau Toujours Appr\u00e9ci\u00e9 :<\/strong> Parfait pour toute occasion, des anniversaires aux c\u00e9l\u00e9brations sp\u00e9ciales.<\/li>\n<\/ul>\n<p>Achetez d\u00e8s maintenant notre Carte Cadeau JM et offrez la libert\u00e9 de choisir le traitement de beaut\u00e9 parfait !<\/p>\n","protected":false},"excerpt":{"rendered":"<p>Vous cherchez le cadeau id\u00e9al pour vos amis, votre famille ou vos coll\u00e8gues qui aiment prendre soin d&rsquo;eux ? Notre ch\u00e8que-cadeau JM Salon est la solution id\u00e9ale !<\/p>\n","protected":false},"featured_media":6145,"template":"","meta":[],"product_cat":[],"product_tag":[],"_links":{"self":[{"href":"https:\/\/jessicamarottihairtherapy.it\/fr\/wp-json\/wp\/v2\/product\/6132"}],"collection":[{"href":"https:\/\/jessicamarottihairtherapy.it\/fr\/wp-json\/wp\/v2\/product"}],"about":[{"href":"https:\/\/jessicamarottihairtherapy.it\/fr\/wp-json\/wp\/v2\/types\/product"}],"wp:featuredmedia":[{"embeddable":true,"href":"https:\/\/jessicamarottihairtherapy.it\/fr\/wp-json\/wp\/v2\/media\/6145"}],"wp:attachment":[{"href":"https:\/\/jessicamarottihairtherapy.it\/fr\/wp-json\/wp\/v2\/media?parent=6132"}],"wp:term":[{"taxonomy":"product_cat","embeddable":true,"href":"https:\/\/jessicamarottihairtherapy.it\/fr\/wp-json\/wp\/v2\/product_cat?post=6132"},{"taxonomy":"product_tag","embeddable":true,"href":"https:\/\/jessicamarottihairtherapy.it\/fr\/wp-json\/wp\/v2\/product_tag?post=6132"}],"curies":[{"name":"wp","href":"https:\/\/api.w.org\/{rel}","templated":true}]}}