{"id":6210,"date":"2025-09-15T23:06:09","date_gmt":"2025-09-15T21:06:09","guid":{"rendered":"https:\/\/jessicamarottihairtherapy.it\/?page_id=6210"},"modified":"2026-03-22T01:04:45","modified_gmt":"2026-03-22T00:04:45","slug":"nos-traitements","status":"publish","type":"page","link":"https:\/\/jessicamarottihairtherapy.it\/fr\/nos-traitements\/","title":{"rendered":"Nos soins"},"content":{"rendered":"<h2 style=\"text-align: center;\"><strong>Bienvenue chez Jessica Marotti Hair Therapy\u00a0<\/strong><\/h2>\n<p style=\"text-align: center;\">Salon de coiffure sp\u00e9cialis\u00e9 en<strong> coloration v\u00e9g\u00e9tale<\/strong> et <strong>Head Spa Therapy<\/strong><\/p>\n<p>&nbsp;<\/p>\n<p>De la coloration bio &amp; v\u00e9g\u00e9tale aux rituels Hair Therapy et Head Spa, d\u00e9couvrez une approche unique qui allie <strong data-start=\"569\" data-end=\"609\">beaut\u00e9, bien-\u00eatre et sant\u00e9 du cheveu \u2728<\/strong><\/p>\n<h5>Pour explorer l\u2019ensemble de nos soins, t\u00e9l\u00e9chargez nos brochures compl\u00e8tes :<\/h5>\n<p><strong><a href=\"https:\/\/jessicamarottihairtherapy.it\/wp-content\/uploads\/2026\/03\/Soins-1.pdf\" target=\"_blank\" rel=\"noopener\">\ud83c\udf3f\u00a0D\u00e9couvrir nos soins<\/a><\/strong><\/p>\n<p><a href=\"https:\/\/jessicamarottihairtherapy.it\/wp-content\/uploads\/2025\/09\/Jessica-Marotti-Hair-Therapy-Soins-Head-Spa.pdf\"><strong>\ud83c\udf3f D\u00e9couvrir en d\u00e9tail les soins Hair Therapy et Head Spa<\/strong><\/a><\/p>\n<h5>Pour en savoir plus ou r\u00e9server votre exp\u00e9rience sur mesure, contactez-nous sur Whatsapp :<\/h5>\n<p><a href=\"https:\/\/wa.me\/41782661527?\"><strong>Contactez-nous<\/strong><\/a><\/p>\n<div id=\"aircall-extension-app\"><\/div>\n<div id=\"aircall-extension-app\"><\/div>\n<div id=\"aircall-extension-app\"><\/div>\n<div id=\"aircall-extension-app\"><\/div>\n<div id=\"aircall-extension-app\"><\/div>\n<div id=\"aircall-extension-app\"><\/div>\n","protected":false},"excerpt":{"rendered":"<p>Bienvenue chez Jessica Marotti Hair Therapy\u00a0 Salon de coiffure sp\u00e9cialis\u00e9 en coloration v\u00e9g\u00e9tale et Head Spa Therapy &nbsp; De la coloration bio &amp; v\u00e9g\u00e9tale aux rituels Hair Therapy et Head Spa, d\u00e9couvrez une approche unique qui allie beaut\u00e9, bien-\u00eatre et sant\u00e9 du cheveu \u2728 Pour explorer l\u2019ensemble de nos soins, [&hellip;]<\/p>\n","protected":false},"author":1,"featured_media":0,"parent":0,"menu_order":0,"comment_status":"closed","ping_status":"closed","template":"","meta":{"footnotes":""},"_links":{"self":[{"href":"https:\/\/jessicamarottihairtherapy.it\/fr\/wp-json\/wp\/v2\/pages\/6210"}],"collection":[{"href":"https:\/\/jessicamarottihairtherapy.it\/fr\/wp-json\/wp\/v2\/pages"}],"about":[{"href":"https:\/\/jessicamarottihairtherapy.it\/fr\/wp-json\/wp\/v2\/types\/page"}],"author":[{"embeddable":true,"href":"https:\/\/jessicamarottihairtherapy.it\/fr\/wp-json\/wp\/v2\/users\/1"}],"replies":[{"embeddable":true,"href":"https:\/\/jessicamarottihairtherapy.it\/fr\/wp-json\/wp\/v2\/comments?post=6210"}],"version-history":[{"count":22,"href":"https:\/\/jessicamarottihairtherapy.it\/fr\/wp-json\/wp\/v2\/pages\/6210\/revisions"}],"predecessor-version":[{"id":6254,"href":"https:\/\/jessicamarottihairtherapy.it\/fr\/wp-json\/wp\/v2\/pages\/6210\/revisions\/6254"}],"wp:attachment":[{"href":"https:\/\/jessicamarottihairtherapy.it\/fr\/wp-json\/wp\/v2\/media?parent=6210"}],"curies":[{"name":"wp","href":"https:\/\/api.w.org\/{rel}","templated":true}]}}