{"id":5789,"date":"2021-03-25T15:24:06","date_gmt":"2021-03-25T14:24:06","guid":{"rendered":"https:\/\/jessicamarottihairtherapy.it\/faq-2\/"},"modified":"2023-03-07T15:52:26","modified_gmt":"2023-03-07T14:52:26","slug":"faq-2","status":"publish","type":"page","link":"https:\/\/jessicamarottihairtherapy.it\/fr\/faq-2\/","title":{"rendered":"FAQ"},"content":{"rendered":"<p>[vc_row][vc_column]<div style=\"margin:0px 0px 70px 0px;\" class=\"special-heading\">\n\t\t\t\t\t<h1 class=\"main-heading\" style=\"font-size:45px; font-weight:400; line-height:65px; text-align:center; text-transform:uppercase; color:#000;\">NOS FAQ<\/h1>\n\t\t\t\t\t<div class=\"heading-sep center-pos\" style=\"background-color:#000;\"><\/div>\n\t\t\t\t<\/div>[\/vc_column][\/vc_row][vc_row][vc_column][vc_tta_accordion][vc_tta_section title=\u00a0\u00bbPourquoi choisir un traitement \u00e0 base de plantes ?\u00a0\u00bb tab_id=\u00a0\u00bb1616682387123-11cd2c19-6792&Prime;][vc_column_text]<span style=\"font-weight: 400;\">On d\u00e9cide de choisir un traitement \u00e0 base de plantes pour de nombreuses raisons, dont les allergies, les intol\u00e9rances, le choix de ne pas mettre de substances nocives dans son corps, d&rsquo;avoir des cheveux et une peau plus sains, et par respect pour l&rsquo;environnement. Avec le choix d&rsquo;herbes de teinture et de traitements \u00e0 base de plantes dans le salon de Jessica Marotti Hair Therapy, la cliente est emmen\u00e9e dans un v\u00e9ritable voyage de beaut\u00e9, chacune ayant son propre m\u00e9lange d&rsquo;herbes personnalis\u00e9 pour cr\u00e9er sa propre couleur ou son propre traitement.  <\/span><\/p>\n<p>[\/vc_column_text][\/vc_tta_section][vc_tta_section title=\u00a0\u00bbUn traitement naturel garantit-il des r\u00e9sultats imm\u00e9diats ?\u00a0\u00bb tab_id=\u00a0\u00bb1616682387134-e07fda1d-eea7&Prime;][vc_column_text]<span style=\"font-weight: 400;\">Cela d\u00e9pend du service choisi, dans certains cas le r\u00e9sultat est imm\u00e9diat avec des temps d&rsquo;exposition courts d&rsquo;environ 20 \u00e0 30 minutes, dans d&rsquo;autres cela peut prendre jusqu&rsquo;\u00e0 3 heures. Le monde des herbes de teinture naturelle n&rsquo;a pas de temps et de r\u00e9sultats sch\u00e9matiques comme avec le chimique.<\/span>[\/vc_column_text][\/vc_tta_section][vc_tta_section title=\u00a0\u00bbLes herbes de teinture couvrent-elles \u00e0 100% les cheveux blancs ?\u00a0\u00bb tab_id=\u00a0\u00bb1616682482441-25b2a3bd-96e0&Prime;][vc_column_text]<span style=\"font-weight: 400;\">Oui, les herbes de teinture couvrent les cheveux blancs \u00e0 100 % et la coloration que vous choisissez.  <\/span>[\/vc_column_text][\/vc_tta_section][vc_tta_section title=\u00a0\u00bbQuelles sont les substances que je ne trouverai pas dans les produits utilis\u00e9s dans le salon ?\u00a0\u00bb tab_id=\u00a0\u00bb1616682508149-726106d4-31a2&Prime;][vc_column_text]<span style=\"font-weight: 400;\">Formald\u00e9hyde, parab\u00e8nes, silicones, sulfates, nanomat\u00e9riaux, r\u00e9sorcinol, paraph\u00e9nyl\u00e8nediamine (Certaines substances ne sont pr\u00e9sentes qu&rsquo;en petites quantit\u00e9s dans certains produits).  <\/span>[\/vc_column_text][\/vc_tta_section][vc_tta_section title=\u00a0\u00bbQuelles herbes et quels produits de teinture sont utilis\u00e9s dans le salon ?\u00a0\u00bb tab_id=\u00a0\u00bb1616682532641-3db0803e-d5b5&Prime;][vc_column_text]<span style=\"font-weight: 400;\">Pour les herbes de teinture, on utilise la marque Phitophilos, pour la ligne de produits chimiques verts Philip Martin&rsquo;s.  <\/span>[\/vc_column_text][\/vc_tta_section][vc_tta_section title=\u00a0\u00bbQuelle est l&rsquo;\u00e9tude des cheveux qui est faite avant l&rsquo;application d&rsquo;un traitement ?\u00a0\u00bb tab_id=\u00a0\u00bb1616682556433-bafe6d34-a46c\u00a0\u00bb][vc_column_text]<span style=\"font-weight: 400;\">Une consultation pr\u00e9alable est indispensable pour conna\u00eetre les besoins du client, son style et son aspect psychologique. Ensuite, il est n\u00e9cessaire d&rsquo;\u00e9tudier la morphologie et la structure des cheveux et de la peau, d&rsquo;\u00e9valuer si l&rsquo;on souffre d&rsquo;allergies aux substances, et si c&rsquo;est le cas, un test de sensibilisation est toujours effectu\u00e9, puis d&rsquo;\u00e9valuer le traitement ou le service adapt\u00e9 au client.<\/span>[\/vc_column_text][\/vc_tta_section][vc_tta_section title=\u00a0\u00bbQuelle est la diff\u00e9rence entre les teintures v\u00e9g\u00e9tales et les teintures chimiques ?\u00a0\u00bb tab_id=\u00a0\u00bb1616682579137-c75f78cd-02f7&Prime;][vc_column_text]<span style=\"font-weight: 400;\">La teinture chimique, contrairement \u00e0 la teinture v\u00e9g\u00e9tale, entra\u00eene une modification physique de la structure du cheveu, endommage et irrite la peau et les cheveux et, \u00e0 terme, peut avoir des effets n\u00e9fastes sur la sant\u00e9 de l&rsquo;organisme et sur l&rsquo;environnement.  <\/span><\/p>\n<p><span style=\"font-weight: 400;\">La coloration v\u00e9g\u00e9tale ne modifie pas non plus la structure du cheveu, elle agit par superposition, se reposant comme un film enveloppant la zone externe du cheveu, am\u00e9liorant grandement sa qualit\u00e9.  <\/span><\/p>\n<p>[\/vc_column_text][\/vc_tta_section][vc_tta_section title=\u00a0\u00bbLa coloration v\u00e9g\u00e9tale persiste-t-elle dans le temps ou s&rsquo;\u00e9claircit-elle ?\u00a0\u00bb tab_id=\u00a0\u00bb1616682599662-a4454bc7-4bbe\u00a0\u00bb][vc_column_text]<span style=\"font-weight: 400;\">Oui, la coloration v\u00e9g\u00e9tale a la m\u00eame dur\u00e9e qu&rsquo;une teinture chimique une fois que la plante est pos\u00e9e sur les cheveux. En appliquant des couleurs naturelles, la repousse est moins visible qu&rsquo;en utilisant des teintures chimiques. Le cheveu n&rsquo;est pas oxyd\u00e9 mais gain\u00e9 et conserve plus longtemps sa couleur vive et intense. La teinture aux herbes, en plus de recouvrir 100 % des cheveux blancs de diverses nuances, pr\u00e9sente de multiples avantages curatifs. Il donne des reflets plus naturels et multiformes, sans l&rsquo;effet factice ou \u00ab\u00a0vernis\u00a0\u00bb du chimiste.<\/span>[\/vc_column_text][\/vc_tta_section][vc_tta_section title=\u00a0\u00bbSi vous \u00eates enceinte, est-il possible d&rsquo;appliquer des herbes de teinture ?\u00a0\u00bb tab_id=\u00a0\u00bb1616682633089-4cd19414-b84f\u00a0\u00bb][vc_column_text]<span style=\"font-weight: 400;\">Oui, la coloration v\u00e9g\u00e9tale est une alternative saine qui \u00e9vite l&rsquo;utilisation d&rsquo;oxydants, de r\u00e9sorcine, de PPD et d&rsquo;autres produits nocifs pr\u00e9sents dans la coloration chimique. Cependant, il est toujours conseill\u00e9  <\/span><span style=\"font-weight: 400;\">demandez \u00e0 votre gyn\u00e9cologue, certaines plantes comme le fenugrec contiennent des phytooestrog\u00e8nes, qui ne sont pas recommand\u00e9s pendant la grossesse, m\u00eame s&rsquo;ils ne sont utilis\u00e9s qu&rsquo;\u00e0 travers la peau, ils pourraient causer des probl\u00e8mes au f\u0153tus.<\/span>[\/vc_column_text][\/vc_tta_section][vc_tta_section title=\u00a0\u00bbLes colorants v\u00e9g\u00e9taux co\u00fbtent-ils plus cher que les colorants chimiques ?\u00a0\u00bb tab_id=\u00a0\u00bb1617957431694-e7773b69-1b5e\u00a0\u00bb][vc_column_text]Oui, la coloration v\u00e9g\u00e9tale est plus ch\u00e8re que la coloration chimique pour plusieurs raisons : le temps d&rsquo;application et la qualit\u00e9 du produit sont plus longs et, surtout, l&rsquo;\u00e9tude et le m\u00e9lange de chaque prestation individuelle demandent plus d&rsquo;attention et d&rsquo;\u00e9tude du cheveu.[\/vc_column_text][\/vc_tta_section][vc_tta_section title=\u00a0\u00bbEst-il possible de payer par carte bancaire dans mon centre ?\u00a0\u00bb tab_id=\u00a0\u00bb1617957466722-537d7b81-3472&Prime;][vc_column_text]Oui.[\/vc_column_text][\/vc_tta_section][vc_tta_section title=\u00a0\u00bbQuels services ne sont pas effectu\u00e9s dans mon centre ? Et pourquoi ?\u00a0\u00bb tab_id=\u00a0\u00bb1617957492170-157f4c86-dec0&Prime;][vc_column_text]Le repassage contient du formald\u00e9hyde, une substance nocive pour la sant\u00e9.[\/vc_column_text][\/vc_tta_section][vc_tta_section title=\u00a0\u00bbEn quoi mon centre est-il diff\u00e9rent des autres ?\u00a0\u00bb tab_id=\u00a0\u00bb1617957524127-df7748ba-cc0c\u00a0\u00bb][vc_column_text]En plus d&rsquo;utiliser uniquement des produits naturels et biologiques, nous prenons soin du bien-\u00eatre et de la sant\u00e9 du client en plus de la beaut\u00e9.[\/vc_column_text][\/vc_tta_section][\/vc_tta_accordion][\/vc_column][\/vc_row]<\/p>\n","protected":false},"excerpt":{"rendered":"<p>[vc_row][vc_column][\/vc_column][\/vc_row][vc_row][vc_column][vc_tta_accordion][vc_tta_section title=\u00a0\u00bbPourquoi choisir un traitement \u00e0 base de plantes ?\u00a0\u00bb tab_id=\u00a0\u00bb1616682387123-11cd2c19-6792&Prime;][vc_column_text]On d\u00e9cide de choisir un traitement \u00e0 base de plantes pour de nombreuses raisons, dont les allergies, les intol\u00e9rances, le choix de ne pas mettre de substances nocives dans son corps, d&rsquo;avoir des cheveux et une peau plus sains, et [&hellip;]<\/p>\n","protected":false},"author":1,"featured_media":0,"parent":0,"menu_order":0,"comment_status":"closed","ping_status":"closed","template":"","meta":{"footnotes":""},"_links":{"self":[{"href":"https:\/\/jessicamarottihairtherapy.it\/fr\/wp-json\/wp\/v2\/pages\/5789"}],"collection":[{"href":"https:\/\/jessicamarottihairtherapy.it\/fr\/wp-json\/wp\/v2\/pages"}],"about":[{"href":"https:\/\/jessicamarottihairtherapy.it\/fr\/wp-json\/wp\/v2\/types\/page"}],"author":[{"embeddable":true,"href":"https:\/\/jessicamarottihairtherapy.it\/fr\/wp-json\/wp\/v2\/users\/1"}],"replies":[{"embeddable":true,"href":"https:\/\/jessicamarottihairtherapy.it\/fr\/wp-json\/wp\/v2\/comments?post=5789"}],"version-history":[{"count":8,"href":"https:\/\/jessicamarottihairtherapy.it\/fr\/wp-json\/wp\/v2\/pages\/5789\/revisions"}],"predecessor-version":[{"id":5927,"href":"https:\/\/jessicamarottihairtherapy.it\/fr\/wp-json\/wp\/v2\/pages\/5789\/revisions\/5927"}],"wp:attachment":[{"href":"https:\/\/jessicamarottihairtherapy.it\/fr\/wp-json\/wp\/v2\/media?parent=5789"}],"curies":[{"name":"wp","href":"https:\/\/api.w.org\/{rel}","templated":true}]}}