{"id":5779,"date":"2017-06-27T10:38:47","date_gmt":"2017-06-27T08:38:47","guid":{"rendered":"https:\/\/jessicamarottihairtherapy.it\/chi-siamo\/"},"modified":"2023-03-11T11:55:20","modified_gmt":"2023-03-11T10:55:20","slug":"chi-siamo","status":"publish","type":"page","link":"https:\/\/jessicamarottihairtherapy.it\/fr\/chi-siamo\/","title":{"rendered":"A propos de nous"},"content":{"rendered":"<p>[vc_row][vc_column]<div style=\"margin:0px 0px 70px 0px;\" class=\"special-heading\">\n\t\t\t\t\t<h1 class=\"main-heading\" style=\"font-size:45px; font-weight:400; line-height:65px; text-align:center; text-transform:uppercase; color:#000;\">Jessica Marotti Hair Therapy<\/h1>\n\t\t\t\t\t<div class=\"heading-sep center-pos\" style=\"background-color:#000;\"><\/div>\n\t\t\t\t<\/div>[\/vc_column][\/vc_row][vc_row][vc_column width=\u00a0\u00bb1\/2&Prime;]<div style=\"margin:0px 0px 40px 0px;\" class=\"special-text\">\n\t\t\t\t\t<p style=\"font-size:14px !important; font-weight:400; line-height:28px; letter-spacing:0.2px; text-align:left; color:#737373;\"><strong>Jessica Marotti Hair Therapy<\/strong>, provennant d\u2019une tradition familliale de coiffeurs, a voulu innover compl\u00e9tement le mode de faire et de vivre cette profession, en ouvrant le <strong>premier spa pour cheveux dans le Semnium.<\/strong><\/p>\n<p>Pionier dans la zone pour la cr\u00e9ation et l\u2019utilisation de traitements et produits exclusifs, qui respectent l\u2019individualit\u00e9 de chaque femme et, surtout, promeuvent la sant\u00e9 des cheveux et un <strong>concept de bien-\u00eatre \u00e0 360 degr\u00e9s.<\/strong><\/p>\n<p>Le spa pour cheveux a comme objectif celui de faire vivre aux clientes des exp\u00e9riences uniques, dans un environnement accueillant et \u00e9l\u00e9gant compos\u00e9 de livres, tisanes et parfums, chouchoutages avec des traitements o\u00f9 sont utilis\u00e9s des produits compl\u00e9tement naturels assortis \u00e0 l\u2019aromath\u00e9rapie, la chromoth\u00e9rapie et \u00e0 des massages avec des huiles chaudes.<\/p>\n<p>Le bien-\u00eatre est aussi dans les couleurs, les sons, les parfums, les stimolis sensoriels, et le spa pour cheveux JMHT est le lieu parfait pour se relaxer et se d\u00e9connecter de la routine. Son intention principale en effet est celui d\u2019accompagner les femmes dans un parcours responsable de beaut\u00e9 et de bien-\u00eatre, en les aidant dans le choix du produit et du soin plus adapt\u00e9s \u00e0 leurs exigences et \u00e0 choisir des solutions qui n\u2019endommagent pas la sant\u00e9 mais au contraire la prot\u00e8gent, ainsi que l\u2019environnement. Les cheveux sont une partie de nous, nous nous occupons de la beaut\u00e9 et de la sant\u00e9.<\/p>\n<p><strong>Nos points forts:<\/strong><\/p>\n<p><strong>L\u2019excellence<\/strong><br \/>\nNous sommes toujours \u00e0 la recherche du meilleur, nous manifestions en continu le d\u00e9sir de fournir un travail de qualit\u00e9 afin que les personnes vivent une exp\u00e9rience unique.<\/p>\n<p><strong>Innovation<\/strong><br \/>\nNous d\u00e9montrons cr\u00e9ativit\u00e9, curiosit\u00e9 et anticipation.<\/p>\n<p><strong>Responsabilit\u00e9<\/strong><br \/>\nNous agissons dans le respect de la sant\u00e9, de l\u2019environnement et de la personne, en am\u00e9liorant constamment notre capacit\u00e9 et connaissances de la profession, du march\u00e9 et de la concurrance.<\/p>\n\t\t\t\t<\/div>[\/vc_column][vc_column width=\u00a0\u00bb1\/2&Prime;][vc_single_image image=\u00a0\u00bb5341&Prime; img_size=\u00a0\u00bbfull\u00a0\u00bb alignment=\u00a0\u00bbcenter\u00a0\u00bb][\/vc_column][\/vc_row][vc_row][vc_column][vc_video link=\u00a0\u00bbhttps:\/\/www.youtube.com\/watch?v=UVOt4qCTWK8&amp;t=3s\u00a0\u00bb align=\u00a0\u00bbcenter\u00a0\u00bb][\/vc_column][\/vc_row][vc_row][vc_column]<div class=\"droplet-btn text-center\">\n\t\t\t\t\t<a href=\"https:\/\/jessicamarottihairtherapy.it\/fr\/reserver\/\" target=\"_self\" class=\"btn \" style=\"background-color:#000; color:#fff\">Reserve maintenant<\/a>\n\t\t\t\t<\/div>[\/vc_column][\/vc_row]<\/p>\n","protected":false},"excerpt":{"rendered":"<p>[vc_row][vc_column][\/vc_column][\/vc_row][vc_row][vc_column width=\u00a0\u00bb1\/2&Prime;][\/vc_column][vc_column width=\u00a0\u00bb1\/2&Prime;][vc_single_image image=\u00a0\u00bb5341&Prime; img_size=\u00a0\u00bbfull\u00a0\u00bb alignment=\u00a0\u00bbcenter\u00a0\u00bb][\/vc_column][\/vc_row][vc_row][vc_column][vc_video link=\u00a0\u00bbhttps:\/\/www.youtube.com\/watch?v=UVOt4qCTWK8&amp;t=3s\u00a0\u00bb align=\u00a0\u00bbcenter\u00a0\u00bb][\/vc_column][\/vc_row][vc_row][vc_column][\/vc_column][\/vc_row]<\/p>\n","protected":false},"author":1,"featured_media":0,"parent":0,"menu_order":0,"comment_status":"closed","ping_status":"closed","template":"","meta":{"footnotes":""},"_links":{"self":[{"href":"https:\/\/jessicamarottihairtherapy.it\/fr\/wp-json\/wp\/v2\/pages\/5779"}],"collection":[{"href":"https:\/\/jessicamarottihairtherapy.it\/fr\/wp-json\/wp\/v2\/pages"}],"about":[{"href":"https:\/\/jessicamarottihairtherapy.it\/fr\/wp-json\/wp\/v2\/types\/page"}],"author":[{"embeddable":true,"href":"https:\/\/jessicamarottihairtherapy.it\/fr\/wp-json\/wp\/v2\/users\/1"}],"replies":[{"embeddable":true,"href":"https:\/\/jessicamarottihairtherapy.it\/fr\/wp-json\/wp\/v2\/comments?post=5779"}],"version-history":[{"count":29,"href":"https:\/\/jessicamarottihairtherapy.it\/fr\/wp-json\/wp\/v2\/pages\/5779\/revisions"}],"predecessor-version":[{"id":5985,"href":"https:\/\/jessicamarottihairtherapy.it\/fr\/wp-json\/wp\/v2\/pages\/5779\/revisions\/5985"}],"wp:attachment":[{"href":"https:\/\/jessicamarottihairtherapy.it\/fr\/wp-json\/wp\/v2\/media?parent=5779"}],"curies":[{"name":"wp","href":"https:\/\/api.w.org\/{rel}","templated":true}]}}