{"id":5761,"date":"2017-06-27T10:51:46","date_gmt":"2017-06-27T08:51:46","guid":{"rendered":"https:\/\/jessicamarottihairtherapy.it\/home-classic\/"},"modified":"2023-11-14T13:17:52","modified_gmt":"2023-11-14T12:17:52","slug":"home-classic","status":"publish","type":"page","link":"https:\/\/jessicamarottihairtherapy.it\/fr\/","title":{"rendered":"Home"},"content":{"rendered":"<p>[vc_row full_width=\u00a0\u00bbstretch_row\u00a0\u00bb content_placement=\u00a0\u00bbtop\u00a0\u00bb css=\u00a0\u00bb.vc_custom_1564951763016{margin-top: 100px !important;background-position: center !important;background-repeat: no-repeat !important;background-size: contain !important;}\u00a0\u00bb][vc_column offset=\u00a0\u00bbvc_col-lg-6 vc_col-md-6 vc_hidden-sm vc_hidden-xs\u00a0\u00bb css=\u00a0\u00bb.vc_custom_1564926837541{padding-top: 0px !important;}\u00a0\u00bb]<div style=\"margin:0px 0px 70px 0px;\" class=\"special-heading\">\n\t\t\t\t\t<h1 class=\"main-heading\" style=\"font-size:45px; font-weight:400; line-height:65px; text-align:left; text-transform:uppercase; color:#000;\">Jessica Marotti Hair Therapy<\/h1>\n\t\t\t\t\t<div class=\"heading-sep left-pos\" style=\"background-color:#000;\"><\/div>\n\t\t\t\t<\/div>[\/vc_column][vc_column offset=\u00a0\u00bbvc_col-lg-6 vc_col-md-6 vc_col-xs-12&Prime; css=\u00a0\u00bb.vc_custom_1564926846158{padding-top: 0px !important;}\u00a0\u00bb]<div style=\"margin:0px 0px 40px 0px;\" class=\"special-text\">\n\t\t\t\t\t<p style=\"font-size:14px !important; font-weight:400; line-height:28px; letter-spacing:0.2px; text-align:left; color:#737373;\"><strong>Jessica Marotti Hair Therapy<\/strong>, provennant d\u2019une tradition familliale de coiffeurs, a voulu innover compl\u00e9tement le mode de faire et de vivre cette profession, en ouvrant le <strong>premier spa pour cheveux dans le Semnium.<\/strong><br \/>\nPionier dans la zone pour la cr\u00e9ation et l\u2019utilisation de traitements et produits exclusifs, qui respectent l\u2019individualit\u00e9 de chaque femme et, surtout, promeuvent la sant\u00e9 des cheveux et un concept de bien-\u00eatre \u00e0 360 degr\u00e9s.<\/p>\n\t\t\t\t<\/div><div class=\"droplet-btn text-left\">\n\t\t\t\t\t<a href=\"https:\/\/jessicamarottihairtherapy.it\/fr\/chi-siamo\/\" target=\"_self\" class=\"btn \" style=\"background-color:#000; color:#fff\">en savoir plus<\/a>\n\t\t\t\t<\/div>[\/vc_column][\/vc_row][vc_row css=\u00a0\u00bb.vc_custom_1565440600460{margin-top: 100px !important;}\u00a0\u00bb][vc_column css=\u00a0\u00bb.vc_custom_1564951573069{padding-top: 0px !important;}\u00a0\u00bb][vc_single_image image=\u00a0\u00bb5305&Prime; img_size=\u00a0\u00bbfull\u00a0\u00bb alignment=\u00a0\u00bbcenter\u00a0\u00bb][\/vc_column][\/vc_row][vc_row content_placement=\u00a0\u00bbbottom\u00a0\u00bb css=\u00a0\u00bb.vc_custom_1565440851413{margin-top: 100px !important;}\u00a0\u00bb][vc_column css=\u00a0\u00bb.vc_custom_1565440180506{padding-top: 0px !important;}\u00a0\u00bb]<div style=\"margin:0px 0px 100px 0px;\" class=\"special-heading\">\n\t\t\t\t\t<h1 class=\"main-heading\" style=\"font-size:45px; font-weight:400; line-height:65px; text-align:left; text-transform:uppercase; color:#000;\">Nos services<\/h1>\n\t\t\t\t\t<div class=\"heading-sep left-pos\" style=\"background-color:#000;\"><\/div>\n\t\t\t\t<\/div><div style=\"margin:0px 0px 20px 0px;\" class=\"special-text\">\n\t\t\t\t\t<p style=\"font-size:14px !important; font-weight:400; line-height:28px; letter-spacing:0.2px; text-align:left; color:#737373;\"><span style=\"font-weight: 400;\">Dans le salon <strong>Jessica Marotti Hair Therapy<\/strong><\/span> <span style=\"font-weight: 400;\">c\u2019est possible de trouver deux lignes de produits : la ligne chimique Green et la ligne compl\u00e9tement naturelle dont font parties les plantes de teinture pour la coloration des cheveux.<\/span><\/p>\n<p><span style=\"font-weight: 400;\">Les traitements propos\u00e9s donnent un effet final raffin\u00e9, intense et toujours personnalis\u00e9 pour donner \u00e0 chaque t\u00eate une essence et un style propres. Une philosophie qui combine parfaitement le bien-\u00eatre du cheveux avec l\u2019indispensable charme de la beaut\u00e9. <\/span><\/p>\n\t\t\t\t<\/div>[\/vc_column][\/vc_row][vc_row css=\u00a0\u00bb.vc_custom_1565440600460{margin-top: 100px !important;}\u00a0\u00bb][vc_column css=\u00a0\u00bb.vc_custom_1564951573069{padding-top: 0px !important;}\u00a0\u00bb][vc_video link=\u00a0\u00bbhttps:\/\/www.youtube.com\/watch?v=UVOt4qCTWK8&amp;t=3s\u00a0\u00bb align=\u00a0\u00bbcenter\u00a0\u00bb][\/vc_column][\/vc_row][vc_row full_width=\u00a0\u00bbstretch_row_content\u00a0\u00bb equal_height=\u00a0\u00bbyes\u00a0\u00bb content_placement=\u00a0\u00bbbottom\u00a0\u00bb css=\u00a0\u00bb.vc_custom_1565440909347{margin-bottom: 100px !important;}\u00a0\u00bb][vc_column css=\u00a0\u00bb.vc_custom_1699964166893{padding-top: 300px !important;padding-right: 30px !important;padding-bottom: 40px !important;padding-left: 40px !important;background-image: url(https:\/\/jessicamarottihairtherapy.it\/wp-content\/uploads\/2021\/03\/colorazione-vegetale.png?id=5309) !important;background-position: center !important;background-repeat: no-repeat !important;background-size: cover !important;}\u00a0\u00bb offset=\u00a0\u00bbvc_col-lg-3 vc_col-md-6 vc_col-xs-12&Prime;]<div style=\"margin:0px 0px 10px 0px;\" class=\"special-heading\">\n\t\t\t\t\t<h1 class=\"main-heading\" style=\"font-size:40px; font-weight:400; line-height:65px; text-align:left; text-transform:uppercase; color:#ffffff;\">COLORATION VEGETALE<\/h1>\n\t\t\t\t\t\n\t\t\t\t<\/div><div class=\"droplet-btn text-left\">\n\t\t\t\t\t<a href=\"https:\/\/jessicamarottihairtherapy.it\/fr\/coloration-vegetale\/\" target=\"_self\" class=\"btn \" style=\"background-color:#000; color:#fff\">En savoir plus<\/a>\n\t\t\t\t<\/div>[\/vc_column][vc_column css=\u00a0\u00bb.vc_custom_1699964182669{padding-top: 300px !important;padding-right: 30px !important;padding-bottom: 40px !important;padding-left: 40px !important;background-image: url(https:\/\/jessicamarottihairtherapy.it\/wp-content\/uploads\/2021\/03\/spa-per-capelli.png?id=5319) !important;background-position: center !important;background-repeat: no-repeat !important;background-size: cover !important;}\u00a0\u00bb offset=\u00a0\u00bbvc_col-lg-3 vc_col-md-6 vc_col-xs-12&Prime;]<div style=\"margin:0px 0px 10px 0px;\" class=\"special-heading\">\n\t\t\t\t\t<h1 class=\"main-heading\" style=\"font-size:40px; font-weight:400; line-height:65px; text-align:left; text-transform:uppercase; color:#ffffff;\">SPA POUR CHEVEUX<\/h1>\n\t\t\t\t\t\n\t\t\t\t<\/div><div class=\"droplet-btn text-left\">\n\t\t\t\t\t<a href=\"https:\/\/jessicamarottihairtherapy.it\/fr\/spa-pour-cheveux\/\" target=\"_self\" class=\"btn \" style=\"background-color:#000; color:#fff\">En savoir plus<\/a>\n\t\t\t\t<\/div>[\/vc_column][vc_column css=\u00a0\u00bb.vc_custom_1699964212533{padding-top: 300px !important;padding-right: 30px !important;padding-bottom: 40px !important;padding-left: 40px !important;background-image: url(https:\/\/jessicamarottihairtherapy.it\/wp-content\/uploads\/2021\/03\/balayage-2.png?id=5313) !important;background-position: center !important;background-repeat: no-repeat !important;background-size: cover !important;}\u00a0\u00bb offset=\u00a0\u00bbvc_col-lg-3 vc_col-md-6 vc_col-xs-12&Prime;]<div style=\"margin:0px 0px 10px 0px;\" class=\"special-heading\">\n\t\t\t\t\t<h1 class=\"main-heading\" style=\"font-size:40px; font-weight:400; line-height:65px; text-align:left; text-transform:uppercase; color:#ffffff;\">Sp\u00e9cial Balayage<\/h1>\n\t\t\t\t\t\n\t\t\t\t<\/div><div class=\"droplet-btn text-left\">\n\t\t\t\t\t<a href=\"https:\/\/jessicamarottihairtherapy.it\/fr\/balayage-2\/\" target=\"_self\" class=\"btn \" style=\"background-color:#000; color:#fff\">En savoir plus<\/a>\n\t\t\t\t<\/div>[\/vc_column][vc_column css=\u00a0\u00bb.vc_custom_1699964229446{padding-top: 300px !important;padding-right: 30px !important;padding-bottom: 40px !important;padding-left: 40px !important;background-image: url(https:\/\/jessicamarottihairtherapy.it\/wp-content\/uploads\/2021\/03\/spose-eventi-.png?id=5315) !important;background-position: center !important;background-repeat: no-repeat !important;background-size: cover !important;}\u00a0\u00bb offset=\u00a0\u00bbvc_col-lg-3 vc_col-md-6 vc_col-xs-12&Prime;]<div style=\"margin:0px 0px 10px 0px;\" class=\"special-heading\">\n\t\t\t\t\t<h1 class=\"main-heading\" style=\"font-size:40px; font-weight:400; line-height:65px; text-align:left; text-transform:uppercase; color:#ffffff;\">MARIEES ET EVENEMENTS<\/h1>\n\t\t\t\t\t\n\t\t\t\t<\/div><div class=\"droplet-btn text-left\">\n\t\t\t\t\t<a href=\"https:\/\/jessicamarottihairtherapy.it\/fr\/mariees-et-evenements\/\" target=\"_self\" class=\"btn \" style=\"background-color:#000; color:#fff\">En savoir plus<\/a>\n\t\t\t\t<\/div>[\/vc_column][\/vc_row][vc_row][vc_column css=\u00a0\u00bb.vc_custom_1564953504161{padding-top: 0px !important;}\u00a0\u00bb]<div style=\"margin:0px 0px 70px 0px;\" class=\"special-heading\">\n\t\t\t\t\t<h1 class=\"main-heading\" style=\"font-size:45px; font-weight:400; line-height:65px; text-align:center; text-transform:uppercase; color:#000;\">Ce que nos clients pensent de nous<\/h1>\n\t\t\t\t\t<div class=\"heading-sep center-pos\" style=\"background-color:#000;\"><\/div>\n\t\t\t\t<\/div><div class=\"testimonials\"><div class=\"content\"><div class=\"info\" style=\"background-color:#f4f5f7\"><p style=\"color:#737373;\">Centro super consigliato, accogliente e rispettoso delle norme igieniche e di sicurezza. Jessica \u00e8 molto professionale ed attenta ai dettagli. Risultati bellissimi e soprattutto con prodotti naturali che non alterano la salute del capello.<\/p><\/div><img decoding=\"async\" src=\"https:\/\/jessicamarottihairtherapy.it\/wp-content\/uploads\/2021\/03\/40084279_790859504599824_5120327377406132224_o.jpeg\" alt=\"\" \/><h4 style=\"color:#000;\">Adriana Meoli&nbsp;<\/h4><p style=\"color:#737373;\"><\/p><\/div><div class=\"content\"><div class=\"info\" style=\"background-color:#f4f5f7\"><p style=\"color:#737373;\">La migliore di tutti! Non delude mai! Capelli sempre super coccolati e stupendi, il top del top , consigliatissima! \u2764\ufe0f\ud83d\ude18<\/p><\/div><img decoding=\"async\" src=\"https:\/\/jessicamarottihairtherapy.it\/wp-content\/uploads\/2021\/03\/151194581_3619260991503557_8861095218549364095_o.jpeg\" alt=\"\" \/><h4 style=\"color:#000;\">Vinetha Valanzano&nbsp;<\/h4><p style=\"color:#737373;\"><\/p><\/div><div class=\"content\"><div class=\"info\" style=\"background-color:#f4f5f7\"><p style=\"color:#737373;\">Una grande professionista, riesce sempre ad accontentare le mie richieste, utilizza prodotti di alta qualit\u00e0 ed \u00e8 circondata da uno staff di ragazze fantastiche \ud83d\ude0a\ud83d\ude0a grazieeeeee \u2764\ufe0f<\/p><\/div><img decoding=\"async\" src=\"https:\/\/jessicamarottihairtherapy.it\/wp-content\/uploads\/2021\/03\/117770628_10223464358987291_72361053110112931_n.jpeg\" alt=\"\" \/><h4 style=\"color:#000;\">Anna Varricchio&nbsp;<\/h4><p style=\"color:#737373;\"><\/p><\/div><div class=\"content\"><div class=\"info\" style=\"background-color:#f4f5f7\"><p style=\"color:#737373;\">Jessica ha fatto sui miei capelli un lavoro spettacolare. Ha mani sapienti e tanto buon gusto. Sono soddisfatta oltre le mie aspettative, grazie!<\/p><\/div><img decoding=\"async\" src=\"https:\/\/jessicamarottihairtherapy.it\/wp-content\/uploads\/2021\/03\/10991153_10152759821133174_17964716449710365_n.jpeg\" alt=\"\" \/><h4 style=\"color:#000;\">Valentina Abbruzzese&nbsp;<\/h4><p style=\"color:#737373;\"><\/p><\/div><div class=\"content\"><div class=\"info\" style=\"background-color:#f4f5f7\"><p style=\"color:#737373;\">Un diavolo per capello? Assolutamente il contrario: il Paradiso del capello! In un centro accogliente ed elegante, con tutti i comfort necessari al benessere psichico e fisico, la seduta per i capelli diventa un momento di intenso piacere. La professionalit\u00e0 dell&#039;hair-stylist Jessica Marotti accompagna dall&#039;inizio alla fine un lavoro svolto magistralmente e caldamente, perch\u00e9 diretto dalla passione e dalla singolarit\u00e0 dei prodotti. Odori come in tavola e colori da vivaio bandiscono quella che pu\u00f2 definirsi la spa del capello. Il tutto \u00e8 in linea con il profilo e il gusto della cliente, inebriata dal lavoro e dall&#039;effetto terapeutico a cui \u00e8 sottoposta. Il centro offre anche servizi in assoluta empatia con la trico-cura attuata in loco. Ogni lavoro \u00e8 accompagnato da una presentazione tecnica e da perizia esclusiva. Ieri, oggi, sempre.. .scelgo Jessica Marotti Hair Therapy!!!!!!<\/p><\/div><img decoding=\"async\" src=\"https:\/\/jessicamarottihairtherapy.it\/wp-content\/uploads\/2021\/04\/monica.jpeg\" alt=\"\" \/><h4 style=\"color:#000;\">Monica Mignone&nbsp;<\/h4><p style=\"color:#737373;\"><\/p><\/div><div class=\"content\"><div class=\"info\" style=\"background-color:#f4f5f7\"><p style=\"color:#737373;\">Professionale,gentile,competente e disponibile!!fantastica nel suo mestiere e nella vita di tutti i giorni!!<\/p><\/div><img decoding=\"async\" src=\"https:\/\/jessicamarottihairtherapy.it\/wp-content\/uploads\/2021\/04\/14264250_584716618378026_732941751770684465_n.jpeg\" alt=\"\" \/><h4 style=\"color:#000;\">Roberta Ievolella&nbsp;<\/h4><p style=\"color:#737373;\"><\/p><\/div><\/div>[\/vc_column][\/vc_row][vc_row full_width=\u00a0\u00bbstretch_row\u00a0\u00bb css=\u00a0\u00bb.vc_custom_1566324669951{margin-top: 120px !important;padding-top: 90px !important;padding-bottom: 70px !important;background-image: url(http:\/\/www.newsaziende.com\/jessica\/wp-content\/uploads\/2019\/08\/Booking-Bg.jpg?id=4481) !important;background-position: center !important;background-repeat: no-repeat !important;background-size: cover !important;}\u00a0\u00bb][vc_column css=\u00a0\u00bb.vc_custom_1565936957447{padding-top: 0px !important;}\u00a0\u00bb offset=\u00a0\u00bbvc_col-lg-6 vc_col-md-6 vc_col-xs-12 vc_hidden-xs\u00a0\u00bb][vc_single_image image=\u00a0\u00bb5341&Prime; img_size=\u00a0\u00bbfull\u00a0\u00bb][\/vc_column][vc_column css=\u00a0\u00bb.vc_custom_1565936980850{padding-top: 0px !important;}\u00a0\u00bb offset=\u00a0\u00bbvc_col-lg-6 vc_col-md-6 vc_col-xs-12&Prime;]<div style=\"margin:0px 0px 70px 0px;\" class=\"special-heading\">\n\t\t\t\t\t<h1 class=\"main-heading\" style=\"font-size:45px; font-weight:400; line-height:65px; text-align:left; text-transform:uppercase; color:#000;\">Reserve maintenant<\/h1>\n\t\t\t\t\t<div class=\"heading-sep left-pos\" style=\"background-color:#000;\"><\/div>\n\t\t\t\t<\/div><div role=\"form\" class=\"wpcf7\" id=\"wpcf7-f2186-o1\" lang=\"fr-FR\" dir=\"ltr\">\n<div class=\"screen-reader-response\"><p role=\"status\" aria-live=\"polite\" aria-atomic=\"true\"><\/p> <ul><\/ul><\/div>\n<form action=\"\/fr\/wp-json\/wp\/v2\/pages\/5761#wpcf7-f2186-o1\" method=\"post\" class=\"wpcf7-form init\" novalidate=\"novalidate\" data-status=\"init\">\n<div style=\"display: none;\">\n<input type=\"hidden\" name=\"_wpcf7\" value=\"2186\" \/>\n<input type=\"hidden\" name=\"_wpcf7_version\" value=\"5.4.1\" \/>\n<input type=\"hidden\" name=\"_wpcf7_locale\" value=\"fr_FR\" \/>\n<input type=\"hidden\" name=\"_wpcf7_unit_tag\" value=\"wpcf7-f2186-o1\" \/>\n<input type=\"hidden\" name=\"_wpcf7_container_post\" value=\"0\" \/>\n<input type=\"hidden\" name=\"_wpcf7_posted_data_hash\" value=\"\" \/>\n<input type=\"hidden\" name=\"_wpcf7_recaptcha_response\" value=\"\" \/>\n<\/div>\n<div class=\"reservation-form\">\n<p class=\"left_field\">\n   <span class=\"wpcf7-form-control-wrap text-880\"><input type=\"text\" name=\"text-880\" value=\"\" size=\"40\" class=\"wpcf7-form-control wpcf7-text\" aria-invalid=\"false\" placeholder=\"Votre nom\" \/><\/span>\n<\/p>\n<p class=\"right_field\">\n   <span class=\"wpcf7-form-control-wrap email-374\"><input type=\"email\" name=\"email-374\" value=\"\" size=\"40\" class=\"wpcf7-form-control wpcf7-text wpcf7-email wpcf7-validates-as-email\" aria-invalid=\"false\" placeholder=\"Email\" \/><\/span>\n<\/p>\n<p class=\"left_field\">\n   <span class=\"wpcf7-form-control-wrap tel-556\"><input type=\"tel\" name=\"tel-556\" value=\"\" size=\"40\" class=\"wpcf7-form-control wpcf7-text wpcf7-tel wpcf7-validates-as-required wpcf7-validates-as-tel\" aria-required=\"true\" aria-invalid=\"false\" placeholder=\"T\u00e9l\u00e9phone\" \/><\/span>\n<\/p>\n<p class=\"right_field\">\n   <span class=\"wpcf7-form-control-wrap date-366\"><input type=\"date\" name=\"date-366\" value=\"\" class=\"wpcf7-form-control wpcf7-date wpcf7-validates-as-date\" aria-invalid=\"false\" \/><\/span>\n<\/p>\n<p class=\"message_field\">\n  <span class=\"wpcf7-form-control-wrap textarea-135\"><textarea name=\"textarea-135\" cols=\"40\" rows=\"10\" class=\"wpcf7-form-control wpcf7-textarea\" aria-invalid=\"false\" placeholder=\"Votre message...\"><\/textarea><\/span>\n<\/p>\n<p class=\"message_field\">\n<span class=\"wpcf7-form-control-wrap recaptcha\" data-name=\"recaptcha\"><span data-sitekey=\"6LccMd4aAAAAAMXTrfBmavJNy5g2IujgnmS1MQmQ\" class=\"wpcf7-form-control g-recaptcha wpcf7-recaptcha\"><\/span>\r\n<noscript>\r\n\t<div class=\"grecaptcha-noscript\">\r\n\t\t<iframe loading=\"lazy\" src=\"https:\/\/www.google.com\/recaptcha\/api\/fallback?k=6LccMd4aAAAAAMXTrfBmavJNy5g2IujgnmS1MQmQ\" frameborder=\"0\" scrolling=\"no\" width=\"310\" height=\"430\">\r\n\t\t<\/iframe>\r\n\t\t<textarea name=\"g-recaptcha-response\" rows=\"3\" cols=\"40\" placeholder=\"reCaptcha Response Here\">\r\n\t\t<\/textarea>\r\n\t<\/div>\r\n<\/noscript>\r\n<\/span>\n<p><input type=\"submit\" value=\"Reserve Maintenant\" class=\"wpcf7-form-control wpcf7-submit\" \/><\/p>\n<\/div>\n<div class=\"wpcf7-response-output\" aria-hidden=\"true\"><\/div><\/form><\/div>[\/vc_column][\/vc_row][vc_row full_width=\u00a0\u00bbstretch_row_content_no_spaces\u00a0\u00bb][vc_column offset=\u00a0\u00bbvc_col-lg-2 vc_col-md-4 vc_col-xs-12&Prime; css=\u00a0\u00bb.vc_custom_1566324916615{padding-top: 0px !important;}\u00a0\u00bb][vc_single_image image=\u00a0\u00bb5339&Prime; img_size=\u00a0\u00bbfull\u00a0\u00bb alignment=\u00a0\u00bbcenter\u00a0\u00bb onclick=\u00a0\u00bblink_image\u00a0\u00bb css=\u00a0\u00bb.vc_custom_1616605637937{margin-bottom: 0px !important;}\u00a0\u00bb][\/vc_column][vc_column offset=\u00a0\u00bbvc_col-lg-2 vc_col-md-4 vc_col-xs-12&Prime; css=\u00a0\u00bb.vc_custom_1566324924576{padding-top: 0px !important;}\u00a0\u00bb][vc_single_image image=\u00a0\u00bb5329&Prime; img_size=\u00a0\u00bbfull\u00a0\u00bb alignment=\u00a0\u00bbcenter\u00a0\u00bb onclick=\u00a0\u00bblink_image\u00a0\u00bb css=\u00a0\u00bb.vc_custom_1616605649370{margin-bottom: 0px !important;}\u00a0\u00bb][\/vc_column][vc_column offset=\u00a0\u00bbvc_col-lg-2 vc_col-md-4 vc_col-xs-12&Prime; css=\u00a0\u00bb.vc_custom_1566324935737{padding-top: 0px !important;}\u00a0\u00bb][vc_single_image image=\u00a0\u00bb5333&Prime; img_size=\u00a0\u00bbfull\u00a0\u00bb alignment=\u00a0\u00bbcenter\u00a0\u00bb onclick=\u00a0\u00bblink_image\u00a0\u00bb css=\u00a0\u00bb.vc_custom_1616605663577{margin-bottom: 0px !important;}\u00a0\u00bb][\/vc_column][vc_column offset=\u00a0\u00bbvc_col-lg-2 vc_col-md-4 vc_col-xs-12&Prime; css=\u00a0\u00bb.vc_custom_1566324956646{padding-top: 0px !important;}\u00a0\u00bb][vc_single_image image=\u00a0\u00bb5331&Prime; img_size=\u00a0\u00bbfull\u00a0\u00bb alignment=\u00a0\u00bbcenter\u00a0\u00bb onclick=\u00a0\u00bblink_image\u00a0\u00bb css=\u00a0\u00bb.vc_custom_1616605674907{margin-bottom: 0px !important;}\u00a0\u00bb][\/vc_column][vc_column offset=\u00a0\u00bbvc_col-lg-2 vc_col-md-4 vc_col-xs-12&Prime; css=\u00a0\u00bb.vc_custom_1566324966139{padding-top: 0px !important;}\u00a0\u00bb][vc_single_image image=\u00a0\u00bb5337&Prime; img_size=\u00a0\u00bbfull\u00a0\u00bb alignment=\u00a0\u00bbcenter\u00a0\u00bb onclick=\u00a0\u00bblink_image\u00a0\u00bb css=\u00a0\u00bb.vc_custom_1616605686404{margin-bottom: 0px !important;}\u00a0\u00bb][\/vc_column][vc_column offset=\u00a0\u00bbvc_col-lg-2 vc_col-md-4 vc_col-xs-12&Prime; css=\u00a0\u00bb.vc_custom_1566324971167{padding-top: 0px !important;}\u00a0\u00bb][vc_single_image image=\u00a0\u00bb5335&Prime; img_size=\u00a0\u00bbfull\u00a0\u00bb alignment=\u00a0\u00bbcenter\u00a0\u00bb onclick=\u00a0\u00bblink_image\u00a0\u00bb css=\u00a0\u00bb.vc_custom_1616605697848{margin-bottom: 0px !important;}\u00a0\u00bb][\/vc_column][\/vc_row]<\/p>\n","protected":false},"excerpt":{"rendered":"<p>[vc_row full_width=\u00a0\u00bbstretch_row\u00a0\u00bb content_placement=\u00a0\u00bbtop\u00a0\u00bb css=\u00a0\u00bb.vc_custom_1564951763016{margin-top: 100px !important;background-position: center !important;background-repeat: no-repeat !important;background-size: contain !important;}\u00a0\u00bb][vc_column offset=\u00a0\u00bbvc_col-lg-6 vc_col-md-6 vc_hidden-sm vc_hidden-xs\u00a0\u00bb css=\u00a0\u00bb.vc_custom_1564926837541{padding-top: 0px !important;}\u00a0\u00bb][\/vc_column][vc_column offset=\u00a0\u00bbvc_col-lg-6 vc_col-md-6 vc_col-xs-12&Prime; css=\u00a0\u00bb.vc_custom_1564926846158{padding-top: 0px !important;}\u00a0\u00bb][\/vc_column][\/vc_row][vc_row css=\u00a0\u00bb.vc_custom_1565440600460{margin-top: 100px !important;}\u00a0\u00bb][vc_column css=\u00a0\u00bb.vc_custom_1564951573069{padding-top: 0px !important;}\u00a0\u00bb][vc_single_image image=\u00a0\u00bb5305&Prime; img_size=\u00a0\u00bbfull\u00a0\u00bb alignment=\u00a0\u00bbcenter\u00a0\u00bb][\/vc_column][\/vc_row][vc_row content_placement=\u00a0\u00bbbottom\u00a0\u00bb css=\u00a0\u00bb.vc_custom_1565440851413{margin-top: 100px !important;}\u00a0\u00bb][vc_column css=\u00a0\u00bb.vc_custom_1565440180506{padding-top: 0px !important;}\u00a0\u00bb][\/vc_column][\/vc_row][vc_row css=\u00a0\u00bb.vc_custom_1565440600460{margin-top: 100px !important;}\u00a0\u00bb][vc_column css=\u00a0\u00bb.vc_custom_1564951573069{padding-top: 0px !important;}\u00a0\u00bb][vc_video link=\u00a0\u00bbhttps:\/\/www.youtube.com\/watch?v=UVOt4qCTWK8&amp;t=3s\u00a0\u00bb align=\u00a0\u00bbcenter\u00a0\u00bb][\/vc_column][\/vc_row][vc_row full_width=\u00a0\u00bbstretch_row_content\u00a0\u00bb [&hellip;]<\/p>\n","protected":false},"author":1,"featured_media":0,"parent":0,"menu_order":0,"comment_status":"closed","ping_status":"closed","template":"","meta":{"footnotes":""},"_links":{"self":[{"href":"https:\/\/jessicamarottihairtherapy.it\/fr\/wp-json\/wp\/v2\/pages\/5761"}],"collection":[{"href":"https:\/\/jessicamarottihairtherapy.it\/fr\/wp-json\/wp\/v2\/pages"}],"about":[{"href":"https:\/\/jessicamarottihairtherapy.it\/fr\/wp-json\/wp\/v2\/types\/page"}],"author":[{"embeddable":true,"href":"https:\/\/jessicamarottihairtherapy.it\/fr\/wp-json\/wp\/v2\/users\/1"}],"replies":[{"embeddable":true,"href":"https:\/\/jessicamarottihairtherapy.it\/fr\/wp-json\/wp\/v2\/comments?post=5761"}],"version-history":[{"count":63,"href":"https:\/\/jessicamarottihairtherapy.it\/fr\/wp-json\/wp\/v2\/pages\/5761\/revisions"}],"predecessor-version":[{"id":6021,"href":"https:\/\/jessicamarottihairtherapy.it\/fr\/wp-json\/wp\/v2\/pages\/5761\/revisions\/6021"}],"wp:attachment":[{"href":"https:\/\/jessicamarottihairtherapy.it\/fr\/wp-json\/wp\/v2\/media?parent=5761"}],"curies":[{"name":"wp","href":"https:\/\/api.w.org\/{rel}","templated":true}]}}