{"id":5733,"date":"2021-03-25T13:21:00","date_gmt":"2021-03-25T12:21:00","guid":{"rendered":"https:\/\/jessicamarottihairtherapy.it\/la-consultation\/"},"modified":"2023-03-07T15:51:10","modified_gmt":"2023-03-07T14:51:10","slug":"la-consultation","status":"publish","type":"page","link":"https:\/\/jessicamarottihairtherapy.it\/fr\/la-consultation\/","title":{"rendered":"La Consultation"},"content":{"rendered":"<p>[vc_row][vc_column]<div style=\"margin:0px 0px 70px 0px;\" class=\"special-heading\">\n\t\t\t\t\t<h1 class=\"main-heading\" style=\"font-size:45px; font-weight:400; line-height:65px; text-align:center; text-transform:uppercase; color:#000;\">Le Conseil<\/h1>\n\t\t\t\t\t<div class=\"heading-sep center-pos\" style=\"background-color:#000;\"><\/div>\n\t\t\t\t<\/div>[\/vc_column][\/vc_row][vc_row][vc_column][vc_column_text]Jessica Marotti Hair Therapy a son propre mode de comprendre la beaut\u00e9 qui commence par la valutation et la consultation professionnelle.<\/p>\n<p>La <strong>consultation pr\u00e9ventive<\/strong> avant d\u2019appliquer n\u2019importe quel traitement sur les cheveux est fondamentale pour conna\u00eetre l\u2019exigence, le style et l\u2019aspect psychologique de la cliente. Ensuite, il sera indispensable \u00e9tudier la morphologie, la structure du cheveu et celle du cuir chevelu, \u00e9valuer la pr\u00e9sence ou non d\u2019allergies en effectuant toujours un test de sensibilisation, pour enfin \u00e9valuer le traitement ou service indiqu\u00e9 pour la cliente.[\/vc_column_text][\/vc_column][\/vc_row]<\/p>\n","protected":false},"excerpt":{"rendered":"<p>[vc_row][vc_column][\/vc_column][\/vc_row][vc_row][vc_column][vc_column_text]Jessica Marotti Hair Therapy a son propre mode de comprendre la beaut\u00e9 qui commence par la valutation et la consultation professionnelle. La consultation pr\u00e9ventive avant d\u2019appliquer n\u2019importe quel traitement sur les cheveux est fondamentale pour conna\u00eetre l\u2019exigence, le style et l\u2019aspect psychologique de la cliente. Ensuite, il sera indispensable \u00e9tudier [&hellip;]<\/p>\n","protected":false},"author":1,"featured_media":0,"parent":0,"menu_order":0,"comment_status":"closed","ping_status":"closed","template":"","meta":{"footnotes":""},"_links":{"self":[{"href":"https:\/\/jessicamarottihairtherapy.it\/fr\/wp-json\/wp\/v2\/pages\/5733"}],"collection":[{"href":"https:\/\/jessicamarottihairtherapy.it\/fr\/wp-json\/wp\/v2\/pages"}],"about":[{"href":"https:\/\/jessicamarottihairtherapy.it\/fr\/wp-json\/wp\/v2\/types\/page"}],"author":[{"embeddable":true,"href":"https:\/\/jessicamarottihairtherapy.it\/fr\/wp-json\/wp\/v2\/users\/1"}],"replies":[{"embeddable":true,"href":"https:\/\/jessicamarottihairtherapy.it\/fr\/wp-json\/wp\/v2\/comments?post=5733"}],"version-history":[{"count":9,"href":"https:\/\/jessicamarottihairtherapy.it\/fr\/wp-json\/wp\/v2\/pages\/5733\/revisions"}],"predecessor-version":[{"id":5925,"href":"https:\/\/jessicamarottihairtherapy.it\/fr\/wp-json\/wp\/v2\/pages\/5733\/revisions\/5925"}],"wp:attachment":[{"href":"https:\/\/jessicamarottihairtherapy.it\/fr\/wp-json\/wp\/v2\/media?parent=5733"}],"curies":[{"name":"wp","href":"https:\/\/api.w.org\/{rel}","templated":true}]}}