{"id":5720,"date":"2021-03-25T13:14:13","date_gmt":"2021-03-25T12:14:13","guid":{"rendered":"https:\/\/jessicamarottihairtherapy.it\/spa-pour-cheveux\/"},"modified":"2024-01-30T18:16:30","modified_gmt":"2024-01-30T17:16:30","slug":"spa-per-capelli-2","status":"publish","type":"page","link":"https:\/\/jessicamarottihairtherapy.it\/fr\/spa-per-capelli-2\/","title":{"rendered":"SPA pour cheveux"},"content":{"rendered":"<p>[vc_row][vc_column]<div style=\"margin:0px 0px 70px 0px;\" class=\"special-heading\">\n\t\t\t\t\t<h1 class=\"main-heading\" style=\"font-size:45px; font-weight:400; line-height:65px; text-align:center; text-transform:uppercase; color:#000;\">SPA per capelli<\/h1>\n\t\t\t\t\t<div class=\"heading-sep center-pos\" style=\"background-color:#000;\"><\/div>\n\t\t\t\t<\/div>[\/vc_column][\/vc_row][vc_row][vc_column][vc_column_text]<span style=\"font-weight: 400;\">Jessica Marotti Hair Therapy<\/span>qui, depuis trois ge\u0301ne\u0301rations, s\u2019occupe de soigner la beaute\u0301 de ses clientes. Avec un parcours mu\u0302ri pendant les anne\u0301es donne forme au premier spa pour cheveux du Samnium, la nouvelle frontie\u0300re des traitements rege\u0301ne\u0301rants pour cheveux. Un moyen nouveau et naturel pour offrir bien-e\u0302tre et le maximum de la splendeur.<\/p>\n<p><b><img loading=\"lazy\" decoding=\"async\" class=\"aligncenter wp-image-5097 size-large\" src=\"http:\/\/www.newsaziende.com\/jessica\/wp-content\/uploads\/2021\/05\/WhatsApp-Image-2021-05-19-at-15.41.28-1024x768.jpeg\" alt=\"\" width=\"1024\" height=\"768\" srcset=\"https:\/\/jessicamarottihairtherapy.it\/wp-content\/uploads\/2021\/05\/WhatsApp-Image-2021-05-19-at-15.41.28-1024x768.jpeg 1024w, https:\/\/jessicamarottihairtherapy.it\/wp-content\/uploads\/2021\/05\/WhatsApp-Image-2021-05-19-at-15.41.28-600x450.jpeg 600w, https:\/\/jessicamarottihairtherapy.it\/wp-content\/uploads\/2021\/05\/WhatsApp-Image-2021-05-19-at-15.41.28-300x225.jpeg 300w, https:\/\/jessicamarottihairtherapy.it\/wp-content\/uploads\/2021\/05\/WhatsApp-Image-2021-05-19-at-15.41.28-768x576.jpeg 768w, https:\/\/jessicamarottihairtherapy.it\/wp-content\/uploads\/2021\/05\/WhatsApp-Image-2021-05-19-at-15.41.28-1536x1152.jpeg 1536w, https:\/\/jessicamarottihairtherapy.it\/wp-content\/uploads\/2021\/05\/WhatsApp-Image-2021-05-19-at-15.41.28.jpeg 1600w\" sizes=\"(max-width: 1024px) 100vw, 1024px\" \/><\/b><\/p>\n<p><b>VITALITY TREATMENT\u00a0<\/b><\/p>\n<p class=\"p1\"><strong>Traitement \u00e9nergisant sur cuirs chevelus et rivitalisant sur cheveux.<\/strong><\/p>\n<p class=\"p1\">Renforce le cycle vital des cheveux en faisant une action stimulante sur la repousse, augmente la vitalit\u00e9, stimule la microcirculation sanguine.<\/p>\n<p><span style=\"font-weight: 400;\">. <\/span><b>IId\u00e9al pour cheveux fins avec probl\u00e8mes de chute.<\/b><\/p>\n<ul>\n<li style=\"font-weight: 400;\" aria-level=\"1\"><span style=\"font-weight: 400;\">Massage cutan\u00e9 d\u00e9sintoxiquant avec aloe vera pure.<\/span><\/li>\n<li style=\"font-weight: 400;\" aria-level=\"1\"><span style=\"font-weight: 400;\">Massage nettoyant purifiant pour cuirs chevelus et cheveux avec des<br \/>\ningr\u00e9dients de d\u00e9rivation biologique.<\/span><\/li>\n<li style=\"font-weight: 400;\" aria-level=\"1\"><span style=\"font-weight: 400;\">Massage conditionn\u00e9.<\/span><\/li>\n<li style=\"font-weight: 400;\" aria-level=\"1\"><span style=\"font-weight: 400;\">Massage nourrissant avec lotion de d\u00e9rivation naturelles\/organique sans<br \/>\ningr\u00e9dients chimiques et toxiques.<\/span><\/li>\n<\/ul>\n<p><b>PURITY TREATMENT\u00a0<\/b><\/p>\n<p><span style=\"font-weight: 400;\">Traitement qui r\u00e9\u00e9tabli l\u2019\u00e9quilibre naturel du cuir chevelu, contr\u00f4le la production de s\u00e9bum avec une action purifiante en normalisant le ph cutan\u00e9, et r\u00e9golarise la fonctionnalit\u00e9 <\/span><span style=\"font-weight: 400;\">de la glande s\u00e9bac\u00e9e.<\/span><\/p>\n<ul>\n<li style=\"font-weight: 400;\" aria-level=\"1\"><span style=\"font-weight: 400;\">Massage nettoyant calmant et d\u00e9sintoxiquant fomul\u00e9 pour r\u00e9\u00e9quilibr\u00e9 un cuir chevelu avec pellicules grasses et cheveux pr\u00e9sentants du s\u00e9bum eccessif.<\/span><\/li>\n<li style=\"font-weight: 400;\" aria-level=\"1\"><span style=\"font-weight: 400;\">Massage cutan\u00e9 d\u00e9sintoxiquant avec aloe vera pure.<\/span><\/li>\n<li style=\"font-weight: 400;\" aria-level=\"1\"><span style=\"font-weight: 400;\">Massage conditionn\u00e9.<\/span><\/li>\n<\/ul>\n<p><b>ANTIAGE TREATMENT<\/b><span style=\"font-weight: 400;\">\u00a0<\/span><\/p>\n<p><span style=\"font-weight: 400;\">Traitement multiprot\u00e9ique pour une reconstruction profonde, id\u00e9al pour cheveux trait\u00e9s chimiquement. Gr\u00e2ce \u00e0 un cocktail de vitamines et prot\u00e9ines reconstruit et apporte des substances antioxidantes qui rendent les cheveux plus \u00e9lastiques, sains, volumineux et brillants.<\/span><\/p>\n<ul>\n<li style=\"font-weight: 400;\" aria-level=\"1\"><span style=\"font-weight: 400;\">Massage nettoyant personnalis\u00e9 formul\u00e9 pour hydrat\u00e9 et donner du volume.<\/span><\/li>\n<li style=\"font-weight: 400;\" aria-level=\"1\"><span style=\"font-weight: 400;\">Massage nettoyant nourrissant, hydratant et volumateur avec apport en prot\u00e9ine.<\/span><\/li>\n<\/ul>\n<p><b>NUTRITIVE TREATMENT<\/b><\/p>\n<p><span style=\"font-weight: 400;\">Traitement d\u2019hydratation et nutrition profondes pour cuir chevelu et cheveux secs, opaques et cr\u00e9pus.<\/span><\/p>\n<p><span style=\"font-weight: 400;\">R\u00e9pare la cuticule et renforce la strucuture des cheveux, donne \u00e9lasticit\u00e9 aux cheveux fris\u00e9s.<\/span><\/p>\n<p><span style=\"font-weight: 400;\">Les cheveux seront plus doux, brillants et sains. Adapt\u00e9s aux cheveux naturels trait\u00e9s chimiquement.<\/span><\/p>\n<ul>\n<li><span style=\"font-weight: 400;\">Massage nettoyant purifiant pour cuir chevelu et cheveux, compos\u00e9 d\u2019ingr\u00e9dients de d\u00e9rivation biologique<\/span><\/li>\n<li><span style=\"font-weight: 400;\"> Massage holistique avec huile pure de jojoba et huile essentielle d\u2019orange.<\/span><\/li>\n<li aria-level=\"1\"><span style=\"font-weight: 400;\">Massage nettoyant hydratant pour cuir chevelu et cheveux, compos\u00e9 d\u2019ingr\u00e9dients de d\u00e9rivation biologique.<\/span><\/li>\n<li aria-level=\"1\"><span style=\"font-weight: 400;\">Massage nourrissant<\/span><\/li>\n<\/ul>\n<p><b>COMFORT TREATAMENT<\/b><\/p>\n<p><span style=\"font-weight: 400;\">Traitement sp\u00e9cifique pour cuir chevelu sensible avec action de fraicheur et calmante.<\/span><\/p>\n<p><span style=\"font-weight: 400;\">R\u00e9pare l\u2019\u00e9piderme endommag\u00e9e par travaux techniques eccessifs, en pr\u00e9sence de dermatite att\u00e9nue les rougeurs, calme les d\u00e9mangeaisons. A une action tonifiante du cuir chevelu, id\u00e9al en pr\u00e9sence de <\/span><span style=\"font-weight: 400;\">pellicule s\u00e8che.<\/span><\/p>\n<ul>\n<li style=\"font-weight: 400;\" aria-level=\"1\"><span style=\"font-weight: 400;\">Massage nettoyant avec cr\u00e8me hydratante.<\/span><\/li>\n<li style=\"font-weight: 400;\" aria-level=\"1\"><span style=\"font-weight: 400;\">Massage nourrissant.<\/span><\/li>\n<li style=\"font-weight: 400;\" aria-level=\"1\"><span style=\"font-weight: 400;\">Massage vitamin\u00e9.<\/span><\/li>\n<\/ul>\n<p>[\/vc_column_text][\/vc_column][\/vc_row][vc_row][vc_column width=\u00a0\u00bb1\/2&Prime;][vc_video link=\u00a0\u00bbhttps:\/\/www.youtube.com\/watch?v=yfLfId8FF2s\u00a0\u00bb align=\u00a0\u00bbcenter\u00a0\u00bb][\/vc_column][vc_column width=\u00a0\u00bb1\/2&Prime;][vc_video link=\u00a0\u00bbhttps:\/\/www.youtube.com\/watch?v=ZcNE8EURWXA\u00a0\u00bb align=\u00a0\u00bbcenter\u00a0\u00bb][\/vc_column][\/vc_row]<\/p>\n","protected":false},"excerpt":{"rendered":"<p>[vc_row][vc_column][\/vc_column][\/vc_row][vc_row][vc_column][vc_column_text]Jessica Marotti Hair Therapyqui, depuis trois ge\u0301ne\u0301rations, s\u2019occupe de soigner la beaute\u0301 de ses clientes. Avec un parcours mu\u0302ri pendant les anne\u0301es donne forme au premier spa pour cheveux du Samnium, la nouvelle frontie\u0300re des traitements rege\u0301ne\u0301rants pour cheveux. Un moyen nouveau et naturel pour offrir bien-e\u0302tre et le maximum [&hellip;]<\/p>\n","protected":false},"author":1,"featured_media":0,"parent":0,"menu_order":0,"comment_status":"closed","ping_status":"closed","template":"","meta":{"footnotes":""},"_links":{"self":[{"href":"https:\/\/jessicamarottihairtherapy.it\/fr\/wp-json\/wp\/v2\/pages\/5720"}],"collection":[{"href":"https:\/\/jessicamarottihairtherapy.it\/fr\/wp-json\/wp\/v2\/pages"}],"about":[{"href":"https:\/\/jessicamarottihairtherapy.it\/fr\/wp-json\/wp\/v2\/types\/page"}],"author":[{"embeddable":true,"href":"https:\/\/jessicamarottihairtherapy.it\/fr\/wp-json\/wp\/v2\/users\/1"}],"replies":[{"embeddable":true,"href":"https:\/\/jessicamarottihairtherapy.it\/fr\/wp-json\/wp\/v2\/comments?post=5720"}],"version-history":[{"count":13,"href":"https:\/\/jessicamarottihairtherapy.it\/fr\/wp-json\/wp\/v2\/pages\/5720\/revisions"}],"predecessor-version":[{"id":6032,"href":"https:\/\/jessicamarottihairtherapy.it\/fr\/wp-json\/wp\/v2\/pages\/5720\/revisions\/6032"}],"wp:attachment":[{"href":"https:\/\/jessicamarottihairtherapy.it\/fr\/wp-json\/wp\/v2\/media?parent=5720"}],"curies":[{"name":"wp","href":"https:\/\/api.w.org\/{rel}","templated":true}]}}