{"id":5708,"date":"2021-03-24T19:01:06","date_gmt":"2021-03-24T18:01:06","guid":{"rendered":"https:\/\/jessicamarottihairtherapy.it\/coloration-vegetale\/"},"modified":"2023-03-07T15:45:55","modified_gmt":"2023-03-07T14:45:55","slug":"coloration-vegetale","status":"publish","type":"page","link":"https:\/\/jessicamarottihairtherapy.it\/fr\/coloration-vegetale\/","title":{"rendered":"Coloration Vegetale"},"content":{"rendered":"<p>[vc_row][vc_column]<div style=\"margin:0px 0px 70px 0px;\" class=\"special-heading\">\n\t\t\t\t\t<h1 class=\"main-heading\" style=\"font-size:45px; font-weight:400; line-height:65px; text-align:center; text-transform:uppercase; color:#bed6c6;\">La coloration Vegetale<\/h1>\n\t\t\t\t\t<div class=\"heading-sep center-pos\" style=\"background-color:#bed6c6;\"><\/div>\n\t\t\t\t<\/div>[\/vc_column][\/vc_row][vc_row][vc_column][vc_column_text]L\u2019activit\u00e9 de <strong>Jessica Marotti<\/strong> est un travail fait de recherche, \u00e9tude et \u00e9coute constantes puisque le nombre de clientes allergiques aux traitements chimiques est en augmentation (il y a, en effet, plus de 5000 ingr\u00e9dients potentiellement toxiques contenus dans les produits pour coiffeurs). Nous avons choisis de nous d\u00e9dier uniquement aux produits et traitements naturels et \u00e0 la coloration v\u00e9g\u00e9tale \u00e0 travers l\u2019\u00e9tude des plantes de teinture. <\/p>\n<p>Nous avons donc d\u00e9couvert que <strong>la coloration v\u00e9g\u00e9tale, en utilisant un concentr\u00e9 de plantes de teinture 100 % naturelles,<\/strong> pouvait r\u00e9alis\u00e9 n\u2019importe quelle couverture en donnant en plus d\u2019une couleur diff\u00e9rente corps et vitalit\u00e9 aux cheveux, gr\u00e2ce au grand nombre de b\u00e9n\u00e9fices curatifs des plantes compl\u00e9tement naturelles et biod\u00e9gradables qui ne polluent pas l\u2019environnement et n\u2019endommagent pas la faune marine.<\/p>\n<p>Le ph des cheveux est respect\u00e9 en les rendant plus sains, volumineux, brillants et plus r\u00e9sistants aux agressions externes, contrairement \u00e0 la teinture traditionnelle qui \u00e9caille et endommage le cheveu. Les pigments v\u00e9g\u00e9taux forment une enveloppe protectrice sans endommager.<\/p>\n<p>De plus, <strong>la coloration v\u00e9g\u00e9tale<\/strong> maintient dans le temps une splendide couleur sans rendre opaque et terne le cheveu durablement comme souvent est le cas avec les teintures chimiques.<\/p>\n<p>La coloration v\u00e9g\u00e9tale est un vrai parcours de bien-\u00eatre et de beaut\u00e9 qui est cr\u00e9\u00e9 sur mesure.<\/p>\n<p>En effet, dans le salon il y a une cuisine ouverte o\u00f9 sont pr\u00e9par\u00e9es les mixtures de plantes de teinture personnalis\u00e9es et r\u00e9alis\u00e9es ad hoc pour chaque cliente. De cette mani\u00e8re, nos clientes sont rendues paticipantes \u00e0 la pr\u00e9paration des recettes de beaut\u00e9 et peuvent sentir les parfums des plantes.<\/p>\n<p>Ce type de traitement <strong>permet d\u2019obtenir de magnifiques tons sur tons et de splendides reflets<\/strong>, alors que l\u2019on peut obtenir n\u2019importe quel r\u00e9sultat sur cheveux blancs. De plus, il n\u2019\u00e9clairssit pas le cheveu puisque curatif.[\/vc_column_text][\/vc_column][\/vc_row][vc_row][vc_column]<div style=\"margin:0px 0px 70px 0px;\" class=\"special-heading\">\n\t\t\t\t\t<h1 class=\"main-heading\" style=\"font-size:45px; font-weight:400; line-height:65px; text-align:center; text-transform:uppercase; color:#bed6c6;\">Traitements Vegetale<\/h1>\n\t\t\t\t\t<div class=\"heading-sep center-pos\" style=\"background-color:#bed6c6;\"><\/div>\n\t\t\t\t<\/div>[\/vc_column][\/vc_row][vc_row][vc_column][vc_column_text]Les cheveux sont le symbole de la beaut\u00e9 d\u2019une femme, les renforcer et s\u2019en occuper signifie les traiter avec d\u00e9licatesse, utiliser des rem\u00e8des naturels et nourissants comme pour notre peau. En effet, les cheveux ont aussi besoin de la bonne nutrition qui peut provenir de l\u2019int\u00e9rieur ou de l\u2019ext\u00e9rieur pour appara\u00eetre toujours forts et beaux.<\/p>\n<p>Pour se faire, il n\u2019y a rien de plus pratique des traitements v\u00e9g\u00e9taux pour cheveux.<\/p>\n<p>Chaque cheveux est diff\u00e9rent des autres, avec diverses exigences et soins pour chacun d\u2019entre eux.<\/p>\n<p><strong>Les traitement v\u00e9g\u00e9taux de Jessica Marotti Hair Therapy sont prodigieux de bien-\u00eatre 100 % v\u00e9g\u00e9tal.<\/strong><\/p>\n<p>Une pr\u00e9cieuse s\u00e9lection de poudres pures ou de mixtures pens\u00e9es pour nourrir, renforcer et purifier les cheveux en leur donnant brillance et reflets interessants:<\/p>\n<p><strong>Traitement hydratant:<\/strong> Id\u00e9al pour hydrater et nourrir le cheveu. Il est indiqu\u00e9 particuli\u00e8rement pour cuirs chevelus et cheveux secs et fris\u00e9s, sans \u00e9lasticit\u00e9.<\/p>\n<p><strong>Traitement restructurant:<\/strong> Id\u00e9al pour nourrir et renforcer chevelures d\u00e9fibr\u00e9es et sans ton. Il est particuli\u00e8rement indiqu\u00e9 pour cheveux fins, d\u00e9fibr\u00e9s et endommag\u00e9s.<\/p>\n<p><strong>Traitement d\u00e9tox:<\/strong> Id\u00e9al pour d\u00e9sintoxiquer et purifier les cuirs chevelus et les cheveux, en particulier si expos\u00e9s \u00e0 la pollution, poudres fines et traitements chimiques. Il est parfait comme s\u00e9bum r\u00e9gularisant pour le cuir chevelu.<\/p>\n<p><strong>Traitement lumi\u00e8re:<\/strong> Id\u00e9al pour donner de la brillance sur fonds clairs, donne une nouvelle vie aux anciens \u00e9clairssissements maintenant devenus ternes.[\/vc_column_text][\/vc_column][\/vc_row][vc_row][vc_column]<div style=\"margin:0px 0px 70px 0px;\" class=\"special-heading\">\n\t\t\t\t\t<h1 class=\"main-heading\" style=\"font-size:45px; font-weight:400; line-height:65px; text-align:center; text-transform:uppercase; color:#bed6c6;\">Nos travaux<\/h1>\n\t\t\t\t\t<div class=\"heading-sep center-pos\" style=\"background-color:#bed6c6;\"><\/div>\n\t\t\t\t<\/div>[\/vc_column][\/vc_row][vc_row][vc_column][vc_column_text]<\/p>\n<div id='gallery-1' class='gallery galleryid-5708 gallery-columns-3 gallery-size-full'><figure class='gallery-item'>\n\t\t\t<div class='gallery-icon portrait'>\n\t\t\t\t<a href='https:\/\/jessicamarottihairtherapy.it\/wp-content\/uploads\/2021\/03\/IMG_7441-rotated.jpg'><img loading=\"lazy\" decoding=\"async\" width=\"480\" height=\"640\" src=\"https:\/\/jessicamarottihairtherapy.it\/wp-content\/uploads\/2021\/03\/IMG_7441-rotated.jpg\" class=\"attachment-full size-full\" alt=\"\" srcset=\"https:\/\/jessicamarottihairtherapy.it\/wp-content\/uploads\/2021\/03\/IMG_7441-rotated.jpg 480w, https:\/\/jessicamarottihairtherapy.it\/wp-content\/uploads\/2021\/03\/IMG_7441-225x300.jpg 225w\" sizes=\"(max-width: 480px) 100vw, 480px\" \/><\/a>\n\t\t\t<\/div><\/figure><figure class='gallery-item'>\n\t\t\t<div class='gallery-icon portrait'>\n\t\t\t\t<a href='https:\/\/jessicamarottihairtherapy.it\/wp-content\/uploads\/2021\/03\/IMG_7428-rotated.jpg'><img loading=\"lazy\" decoding=\"async\" width=\"480\" height=\"640\" src=\"https:\/\/jessicamarottihairtherapy.it\/wp-content\/uploads\/2021\/03\/IMG_7428-rotated.jpg\" class=\"attachment-full size-full\" alt=\"\" srcset=\"https:\/\/jessicamarottihairtherapy.it\/wp-content\/uploads\/2021\/03\/IMG_7428-rotated.jpg 480w, https:\/\/jessicamarottihairtherapy.it\/wp-content\/uploads\/2021\/03\/IMG_7428-225x300.jpg 225w\" sizes=\"(max-width: 480px) 100vw, 480px\" \/><\/a>\n\t\t\t<\/div><\/figure><figure class='gallery-item'>\n\t\t\t<div class='gallery-icon portrait'>\n\t\t\t\t<a href='https:\/\/jessicamarottihairtherapy.it\/wp-content\/uploads\/2021\/03\/IMG_7409-rotated.jpg'><img loading=\"lazy\" decoding=\"async\" width=\"480\" height=\"640\" src=\"https:\/\/jessicamarottihairtherapy.it\/wp-content\/uploads\/2021\/03\/IMG_7409-rotated.jpg\" class=\"attachment-full size-full\" alt=\"\" srcset=\"https:\/\/jessicamarottihairtherapy.it\/wp-content\/uploads\/2021\/03\/IMG_7409-rotated.jpg 480w, https:\/\/jessicamarottihairtherapy.it\/wp-content\/uploads\/2021\/03\/IMG_7409-225x300.jpg 225w\" sizes=\"(max-width: 480px) 100vw, 480px\" \/><\/a>\n\t\t\t<\/div><\/figure><figure class='gallery-item'>\n\t\t\t<div class='gallery-icon portrait'>\n\t\t\t\t<a href='https:\/\/jessicamarottihairtherapy.it\/wp-content\/uploads\/2021\/03\/IMG_7386-rotated.jpg'><img loading=\"lazy\" decoding=\"async\" width=\"480\" height=\"640\" src=\"https:\/\/jessicamarottihairtherapy.it\/wp-content\/uploads\/2021\/03\/IMG_7386-rotated.jpg\" class=\"attachment-full size-full\" alt=\"\" srcset=\"https:\/\/jessicamarottihairtherapy.it\/wp-content\/uploads\/2021\/03\/IMG_7386-rotated.jpg 480w, https:\/\/jessicamarottihairtherapy.it\/wp-content\/uploads\/2021\/03\/IMG_7386-225x300.jpg 225w\" sizes=\"(max-width: 480px) 100vw, 480px\" \/><\/a>\n\t\t\t<\/div><\/figure><figure class='gallery-item'>\n\t\t\t<div class='gallery-icon portrait'>\n\t\t\t\t<a href='https:\/\/jessicamarottihairtherapy.it\/wp-content\/uploads\/2021\/03\/IMG_7367-rotated.jpg'><img loading=\"lazy\" decoding=\"async\" width=\"480\" height=\"640\" src=\"https:\/\/jessicamarottihairtherapy.it\/wp-content\/uploads\/2021\/03\/IMG_7367-rotated.jpg\" class=\"attachment-full size-full\" alt=\"\" srcset=\"https:\/\/jessicamarottihairtherapy.it\/wp-content\/uploads\/2021\/03\/IMG_7367-rotated.jpg 480w, https:\/\/jessicamarottihairtherapy.it\/wp-content\/uploads\/2021\/03\/IMG_7367-225x300.jpg 225w\" sizes=\"(max-width: 480px) 100vw, 480px\" \/><\/a>\n\t\t\t<\/div><\/figure><figure class='gallery-item'>\n\t\t\t<div class='gallery-icon portrait'>\n\t\t\t\t<a href='https:\/\/jessicamarottihairtherapy.it\/wp-content\/uploads\/2021\/03\/IMG_7043-rotated.jpg'><img loading=\"lazy\" decoding=\"async\" width=\"480\" height=\"640\" src=\"https:\/\/jessicamarottihairtherapy.it\/wp-content\/uploads\/2021\/03\/IMG_7043-rotated.jpg\" class=\"attachment-full size-full\" alt=\"\" srcset=\"https:\/\/jessicamarottihairtherapy.it\/wp-content\/uploads\/2021\/03\/IMG_7043-rotated.jpg 480w, https:\/\/jessicamarottihairtherapy.it\/wp-content\/uploads\/2021\/03\/IMG_7043-225x300.jpg 225w\" sizes=\"(max-width: 480px) 100vw, 480px\" \/><\/a>\n\t\t\t<\/div><\/figure><figure class='gallery-item'>\n\t\t\t<div class='gallery-icon portrait'>\n\t\t\t\t<a href='https:\/\/jessicamarottihairtherapy.it\/wp-content\/uploads\/2021\/03\/IMG_8141-rotated.jpg'><img loading=\"lazy\" decoding=\"async\" width=\"480\" height=\"640\" src=\"https:\/\/jessicamarottihairtherapy.it\/wp-content\/uploads\/2021\/03\/IMG_8141-rotated.jpg\" class=\"attachment-full size-full\" alt=\"\" srcset=\"https:\/\/jessicamarottihairtherapy.it\/wp-content\/uploads\/2021\/03\/IMG_8141-rotated.jpg 480w, https:\/\/jessicamarottihairtherapy.it\/wp-content\/uploads\/2021\/03\/IMG_8141-225x300.jpg 225w\" sizes=\"(max-width: 480px) 100vw, 480px\" \/><\/a>\n\t\t\t<\/div><\/figure><figure class='gallery-item'>\n\t\t\t<div class='gallery-icon portrait'>\n\t\t\t\t<a href='https:\/\/jessicamarottihairtherapy.it\/wp-content\/uploads\/2021\/03\/IMG_9349-rotated.jpg'><img loading=\"lazy\" decoding=\"async\" width=\"480\" height=\"640\" src=\"https:\/\/jessicamarottihairtherapy.it\/wp-content\/uploads\/2021\/03\/IMG_9349-rotated.jpg\" class=\"attachment-full size-full\" alt=\"\" srcset=\"https:\/\/jessicamarottihairtherapy.it\/wp-content\/uploads\/2021\/03\/IMG_9349-rotated.jpg 480w, https:\/\/jessicamarottihairtherapy.it\/wp-content\/uploads\/2021\/03\/IMG_9349-225x300.jpg 225w\" sizes=\"(max-width: 480px) 100vw, 480px\" \/><\/a>\n\t\t\t<\/div><\/figure><figure class='gallery-item'>\n\t\t\t<div class='gallery-icon portrait'>\n\t\t\t\t<a href='https:\/\/jessicamarottihairtherapy.it\/wp-content\/uploads\/2021\/03\/IMG_9433-rotated.jpg'><img loading=\"lazy\" decoding=\"async\" width=\"480\" height=\"640\" src=\"https:\/\/jessicamarottihairtherapy.it\/wp-content\/uploads\/2021\/03\/IMG_9433-rotated.jpg\" class=\"attachment-full size-full\" alt=\"\" srcset=\"https:\/\/jessicamarottihairtherapy.it\/wp-content\/uploads\/2021\/03\/IMG_9433-rotated.jpg 480w, https:\/\/jessicamarottihairtherapy.it\/wp-content\/uploads\/2021\/03\/IMG_9433-225x300.jpg 225w\" sizes=\"(max-width: 480px) 100vw, 480px\" \/><\/a>\n\t\t\t<\/div><\/figure><figure class='gallery-item'>\n\t\t\t<div class='gallery-icon portrait'>\n\t\t\t\t<a href='https:\/\/jessicamarottihairtherapy.it\/wp-content\/uploads\/2021\/03\/IMG_9542-rotated.jpg'><img loading=\"lazy\" decoding=\"async\" width=\"480\" height=\"640\" src=\"https:\/\/jessicamarottihairtherapy.it\/wp-content\/uploads\/2021\/03\/IMG_9542-rotated.jpg\" class=\"attachment-full size-full\" alt=\"\" srcset=\"https:\/\/jessicamarottihairtherapy.it\/wp-content\/uploads\/2021\/03\/IMG_9542-rotated.jpg 480w, https:\/\/jessicamarottihairtherapy.it\/wp-content\/uploads\/2021\/03\/IMG_9542-225x300.jpg 225w\" sizes=\"(max-width: 480px) 100vw, 480px\" \/><\/a>\n\t\t\t<\/div><\/figure><figure class='gallery-item'>\n\t\t\t<div class='gallery-icon portrait'>\n\t\t\t\t<a href='https:\/\/jessicamarottihairtherapy.it\/wp-content\/uploads\/2021\/03\/IMG_7449-rotated.jpg'><img loading=\"lazy\" decoding=\"async\" width=\"480\" height=\"640\" src=\"https:\/\/jessicamarottihairtherapy.it\/wp-content\/uploads\/2021\/03\/IMG_7449-rotated.jpg\" class=\"attachment-full size-full\" alt=\"\" srcset=\"https:\/\/jessicamarottihairtherapy.it\/wp-content\/uploads\/2021\/03\/IMG_7449-rotated.jpg 480w, https:\/\/jessicamarottihairtherapy.it\/wp-content\/uploads\/2021\/03\/IMG_7449-225x300.jpg 225w\" sizes=\"(max-width: 480px) 100vw, 480px\" \/><\/a>\n\t\t\t<\/div><\/figure><figure class='gallery-item'>\n\t\t\t<div class='gallery-icon portrait'>\n\t\t\t\t<a href='https:\/\/jessicamarottihairtherapy.it\/wp-content\/uploads\/2021\/03\/IMG_7922-rotated.jpg'><img loading=\"lazy\" decoding=\"async\" width=\"480\" height=\"640\" src=\"https:\/\/jessicamarottihairtherapy.it\/wp-content\/uploads\/2021\/03\/IMG_7922-rotated.jpg\" class=\"attachment-full size-full\" alt=\"\" srcset=\"https:\/\/jessicamarottihairtherapy.it\/wp-content\/uploads\/2021\/03\/IMG_7922-rotated.jpg 480w, https:\/\/jessicamarottihairtherapy.it\/wp-content\/uploads\/2021\/03\/IMG_7922-225x300.jpg 225w\" sizes=\"(max-width: 480px) 100vw, 480px\" \/><\/a>\n\t\t\t<\/div><\/figure><figure class='gallery-item'>\n\t\t\t<div class='gallery-icon portrait'>\n\t\t\t\t<a href='https:\/\/jessicamarottihairtherapy.it\/wp-content\/uploads\/2021\/03\/IMG_8062.jpg'><img loading=\"lazy\" decoding=\"async\" width=\"457\" height=\"640\" src=\"https:\/\/jessicamarottihairtherapy.it\/wp-content\/uploads\/2021\/03\/IMG_8062.jpg\" class=\"attachment-full size-full\" alt=\"\" srcset=\"https:\/\/jessicamarottihairtherapy.it\/wp-content\/uploads\/2021\/03\/IMG_8062.jpg 457w, https:\/\/jessicamarottihairtherapy.it\/wp-content\/uploads\/2021\/03\/IMG_8062-214x300.jpg 214w\" sizes=\"(max-width: 457px) 100vw, 457px\" \/><\/a>\n\t\t\t<\/div><\/figure><figure class='gallery-item'>\n\t\t\t<div class='gallery-icon portrait'>\n\t\t\t\t<a href='https:\/\/jessicamarottihairtherapy.it\/wp-content\/uploads\/2021\/03\/IMG_8101-rotated.jpg'><img loading=\"lazy\" decoding=\"async\" width=\"480\" height=\"640\" src=\"https:\/\/jessicamarottihairtherapy.it\/wp-content\/uploads\/2021\/03\/IMG_8101-rotated.jpg\" class=\"attachment-full size-full\" alt=\"\" srcset=\"https:\/\/jessicamarottihairtherapy.it\/wp-content\/uploads\/2021\/03\/IMG_8101-rotated.jpg 480w, https:\/\/jessicamarottihairtherapy.it\/wp-content\/uploads\/2021\/03\/IMG_8101-225x300.jpg 225w\" sizes=\"(max-width: 480px) 100vw, 480px\" \/><\/a>\n\t\t\t<\/div><\/figure><figure class='gallery-item'>\n\t\t\t<div class='gallery-icon portrait'>\n\t\t\t\t<a href='https:\/\/jessicamarottihairtherapy.it\/wp-content\/uploads\/2021\/03\/IMG_9209-rotated.jpg'><img loading=\"lazy\" decoding=\"async\" width=\"480\" height=\"640\" src=\"https:\/\/jessicamarottihairtherapy.it\/wp-content\/uploads\/2021\/03\/IMG_9209-rotated.jpg\" class=\"attachment-full size-full\" alt=\"\" srcset=\"https:\/\/jessicamarottihairtherapy.it\/wp-content\/uploads\/2021\/03\/IMG_9209-rotated.jpg 480w, https:\/\/jessicamarottihairtherapy.it\/wp-content\/uploads\/2021\/03\/IMG_9209-225x300.jpg 225w\" sizes=\"(max-width: 480px) 100vw, 480px\" \/><\/a>\n\t\t\t<\/div><\/figure><figure class='gallery-item'>\n\t\t\t<div class='gallery-icon portrait'>\n\t\t\t\t<a href='https:\/\/jessicamarottihairtherapy.it\/wp-content\/uploads\/2021\/03\/IMG_9185-rotated.jpg'><img loading=\"lazy\" decoding=\"async\" width=\"480\" height=\"640\" src=\"https:\/\/jessicamarottihairtherapy.it\/wp-content\/uploads\/2021\/03\/IMG_9185-rotated.jpg\" class=\"attachment-full size-full\" alt=\"\" srcset=\"https:\/\/jessicamarottihairtherapy.it\/wp-content\/uploads\/2021\/03\/IMG_9185-rotated.jpg 480w, https:\/\/jessicamarottihairtherapy.it\/wp-content\/uploads\/2021\/03\/IMG_9185-225x300.jpg 225w\" sizes=\"(max-width: 480px) 100vw, 480px\" \/><\/a>\n\t\t\t<\/div><\/figure><figure class='gallery-item'>\n\t\t\t<div class='gallery-icon portrait'>\n\t\t\t\t<a href='https:\/\/jessicamarottihairtherapy.it\/wp-content\/uploads\/2021\/03\/IMG_9052-rotated.jpg'><img loading=\"lazy\" decoding=\"async\" width=\"480\" height=\"640\" src=\"https:\/\/jessicamarottihairtherapy.it\/wp-content\/uploads\/2021\/03\/IMG_9052-rotated.jpg\" class=\"attachment-full size-full\" alt=\"\" srcset=\"https:\/\/jessicamarottihairtherapy.it\/wp-content\/uploads\/2021\/03\/IMG_9052-rotated.jpg 480w, https:\/\/jessicamarottihairtherapy.it\/wp-content\/uploads\/2021\/03\/IMG_9052-225x300.jpg 225w\" sizes=\"(max-width: 480px) 100vw, 480px\" \/><\/a>\n\t\t\t<\/div><\/figure><figure class='gallery-item'>\n\t\t\t<div class='gallery-icon portrait'>\n\t\t\t\t<a href='https:\/\/jessicamarottihairtherapy.it\/wp-content\/uploads\/2021\/03\/IMG_9826-rotated.jpg'><img loading=\"lazy\" decoding=\"async\" width=\"480\" height=\"640\" src=\"https:\/\/jessicamarottihairtherapy.it\/wp-content\/uploads\/2021\/03\/IMG_9826-rotated.jpg\" class=\"attachment-full size-full\" alt=\"\" srcset=\"https:\/\/jessicamarottihairtherapy.it\/wp-content\/uploads\/2021\/03\/IMG_9826-rotated.jpg 480w, https:\/\/jessicamarottihairtherapy.it\/wp-content\/uploads\/2021\/03\/IMG_9826-225x300.jpg 225w\" sizes=\"(max-width: 480px) 100vw, 480px\" \/><\/a>\n\t\t\t<\/div><\/figure><figure class='gallery-item'>\n\t\t\t<div class='gallery-icon portrait'>\n\t\t\t\t<a href='https:\/\/jessicamarottihairtherapy.it\/wp-content\/uploads\/2021\/03\/IMG_9814-rotated.jpg'><img loading=\"lazy\" decoding=\"async\" width=\"480\" height=\"640\" src=\"https:\/\/jessicamarottihairtherapy.it\/wp-content\/uploads\/2021\/03\/IMG_9814-rotated.jpg\" class=\"attachment-full size-full\" alt=\"\" srcset=\"https:\/\/jessicamarottihairtherapy.it\/wp-content\/uploads\/2021\/03\/IMG_9814-rotated.jpg 480w, https:\/\/jessicamarottihairtherapy.it\/wp-content\/uploads\/2021\/03\/IMG_9814-225x300.jpg 225w\" sizes=\"(max-width: 480px) 100vw, 480px\" \/><\/a>\n\t\t\t<\/div><\/figure><figure class='gallery-item'>\n\t\t\t<div class='gallery-icon portrait'>\n\t\t\t\t<a href='https:\/\/jessicamarottihairtherapy.it\/wp-content\/uploads\/2021\/03\/IMG_9809-rotated.jpg'><img loading=\"lazy\" decoding=\"async\" width=\"480\" height=\"640\" src=\"https:\/\/jessicamarottihairtherapy.it\/wp-content\/uploads\/2021\/03\/IMG_9809-rotated.jpg\" class=\"attachment-full size-full\" alt=\"\" srcset=\"https:\/\/jessicamarottihairtherapy.it\/wp-content\/uploads\/2021\/03\/IMG_9809-rotated.jpg 480w, https:\/\/jessicamarottihairtherapy.it\/wp-content\/uploads\/2021\/03\/IMG_9809-225x300.jpg 225w\" sizes=\"(max-width: 480px) 100vw, 480px\" \/><\/a>\n\t\t\t<\/div><\/figure><figure class='gallery-item'>\n\t\t\t<div class='gallery-icon portrait'>\n\t\t\t\t<a href='https:\/\/jessicamarottihairtherapy.it\/wp-content\/uploads\/2021\/03\/IMG_9738-rotated.jpg'><img loading=\"lazy\" decoding=\"async\" width=\"480\" height=\"640\" src=\"https:\/\/jessicamarottihairtherapy.it\/wp-content\/uploads\/2021\/03\/IMG_9738-rotated.jpg\" class=\"attachment-full size-full\" alt=\"\" srcset=\"https:\/\/jessicamarottihairtherapy.it\/wp-content\/uploads\/2021\/03\/IMG_9738-rotated.jpg 480w, https:\/\/jessicamarottihairtherapy.it\/wp-content\/uploads\/2021\/03\/IMG_9738-225x300.jpg 225w\" sizes=\"(max-width: 480px) 100vw, 480px\" \/><\/a>\n\t\t\t<\/div><\/figure><figure class='gallery-item'>\n\t\t\t<div class='gallery-icon portrait'>\n\t\t\t\t<a href='https:\/\/jessicamarottihairtherapy.it\/wp-content\/uploads\/2021\/03\/IMG_9546-rotated.jpg'><img loading=\"lazy\" decoding=\"async\" width=\"480\" height=\"640\" src=\"https:\/\/jessicamarottihairtherapy.it\/wp-content\/uploads\/2021\/03\/IMG_9546-rotated.jpg\" class=\"attachment-full size-full\" alt=\"\" srcset=\"https:\/\/jessicamarottihairtherapy.it\/wp-content\/uploads\/2021\/03\/IMG_9546-rotated.jpg 480w, https:\/\/jessicamarottihairtherapy.it\/wp-content\/uploads\/2021\/03\/IMG_9546-225x300.jpg 225w\" sizes=\"(max-width: 480px) 100vw, 480px\" \/><\/a>\n\t\t\t<\/div><\/figure><figure class='gallery-item'>\n\t\t\t<div class='gallery-icon portrait'>\n\t\t\t\t<a href='https:\/\/jessicamarottihairtherapy.it\/wp-content\/uploads\/2021\/03\/IMG_8222-rotated.jpg'><img loading=\"lazy\" decoding=\"async\" width=\"480\" height=\"640\" src=\"https:\/\/jessicamarottihairtherapy.it\/wp-content\/uploads\/2021\/03\/IMG_8222-rotated.jpg\" class=\"attachment-full size-full\" alt=\"\" srcset=\"https:\/\/jessicamarottihairtherapy.it\/wp-content\/uploads\/2021\/03\/IMG_8222-rotated.jpg 480w, https:\/\/jessicamarottihairtherapy.it\/wp-content\/uploads\/2021\/03\/IMG_8222-225x300.jpg 225w\" sizes=\"(max-width: 480px) 100vw, 480px\" \/><\/a>\n\t\t\t<\/div><\/figure><figure class='gallery-item'>\n\t\t\t<div class='gallery-icon portrait'>\n\t\t\t\t<a href='https:\/\/jessicamarottihairtherapy.it\/wp-content\/uploads\/2021\/03\/IMG_8775-rotated.jpg'><img loading=\"lazy\" decoding=\"async\" width=\"480\" height=\"640\" src=\"https:\/\/jessicamarottihairtherapy.it\/wp-content\/uploads\/2021\/03\/IMG_8775-rotated.jpg\" class=\"attachment-full size-full\" alt=\"\" srcset=\"https:\/\/jessicamarottihairtherapy.it\/wp-content\/uploads\/2021\/03\/IMG_8775-rotated.jpg 480w, https:\/\/jessicamarottihairtherapy.it\/wp-content\/uploads\/2021\/03\/IMG_8775-225x300.jpg 225w\" sizes=\"(max-width: 480px) 100vw, 480px\" \/><\/a>\n\t\t\t<\/div><\/figure>\n\t\t<\/div>\n\n<p>[\/vc_column_text][\/vc_column][\/vc_row]<\/p>\n","protected":false},"excerpt":{"rendered":"<p>[vc_row][vc_column][\/vc_column][\/vc_row][vc_row][vc_column][vc_column_text]L\u2019activit\u00e9 de Jessica Marotti est un travail fait de recherche, \u00e9tude et \u00e9coute constantes puisque le nombre de clientes allergiques aux traitements chimiques est en augmentation (il y a, en effet, plus de 5000 ingr\u00e9dients potentiellement toxiques contenus dans les produits pour coiffeurs). Nous avons choisis de nous d\u00e9dier uniquement [&hellip;]<\/p>\n","protected":false},"author":1,"featured_media":0,"parent":0,"menu_order":0,"comment_status":"closed","ping_status":"closed","template":"","meta":{"footnotes":""},"_links":{"self":[{"href":"https:\/\/jessicamarottihairtherapy.it\/fr\/wp-json\/wp\/v2\/pages\/5708"}],"collection":[{"href":"https:\/\/jessicamarottihairtherapy.it\/fr\/wp-json\/wp\/v2\/pages"}],"about":[{"href":"https:\/\/jessicamarottihairtherapy.it\/fr\/wp-json\/wp\/v2\/types\/page"}],"author":[{"embeddable":true,"href":"https:\/\/jessicamarottihairtherapy.it\/fr\/wp-json\/wp\/v2\/users\/1"}],"replies":[{"embeddable":true,"href":"https:\/\/jessicamarottihairtherapy.it\/fr\/wp-json\/wp\/v2\/comments?post=5708"}],"version-history":[{"count":23,"href":"https:\/\/jessicamarottihairtherapy.it\/fr\/wp-json\/wp\/v2\/pages\/5708\/revisions"}],"predecessor-version":[{"id":5913,"href":"https:\/\/jessicamarottihairtherapy.it\/fr\/wp-json\/wp\/v2\/pages\/5708\/revisions\/5913"}],"wp:attachment":[{"href":"https:\/\/jessicamarottihairtherapy.it\/fr\/wp-json\/wp\/v2\/media?parent=5708"}],"curies":[{"name":"wp","href":"https:\/\/api.w.org\/{rel}","templated":true}]}}